{"id":12486,"date":"2022-12-09T15:18:03","date_gmt":"2022-12-09T15:18:03","guid":{"rendered":"https:\/\/www.tfe.agency\/?page_id=12486"},"modified":"2022-12-09T15:21:17","modified_gmt":"2022-12-09T15:21:17","slug":"seperate-services","status":"publish","type":"page","link":"https:\/\/www.tfe.agency\/fr\/our-services\/seperate-services\/","title":{"rendered":"Services distincts"},"content":{"rendered":"<p><\/p>\n\n\n\n<p><\/p>\n\n\n\n<p><strong>Services<\/strong><br>Nous sommes pr\u00e9sents sur plus de 20 places de march\u00e9 en tant que marchand attitr\u00e9, ce qui nous permet d'agir en tant que revendeur pour le compte de nos clients. C'est pourquoi nous disposons d'un grand nombre de connaissances pratiques, que nous pouvons vous offrir ind\u00e9pendamment en tant que service s\u00e9par\u00e9, mais aussi en tant que package. Ces services vont de la strat\u00e9gie \u00e0 l'optimisation et aux op\u00e9rations.<br>\u00a0<br><strong>Optimisation<\/strong><br><strong>Traductions<\/strong><br>Nous proposons des services de traduction en anglais, fran\u00e7ais, n\u00e9erlandais, espagnol, allemand et italien. Combin\u00e9s \u00e0 nos services d'optimisation des places de march\u00e9, nous pouvons propulser vos r\u00e9sultats sur chaque place de march\u00e9.<br>\u00a0<br><strong>Optimisation<\/strong><br>Par place de march\u00e9, nous savons comment les algorithmes lisent votre contenu. Nous pouvons donc vous aider \u00e0 optimiser les titres, les attributs et les textes des produits de mani\u00e8re \u00e0 ce qu'ils soient plus facilement pris en compte par l'algorithme de la place de march\u00e9.<br>\u00a0<br><strong>Programme de contenu et de marque Enregistrement<\/strong><br>De plus en plus de places de march\u00e9 disposent de programmes d'enregistrement de marques. Nous pouvons vous aider \u00e0 enregistrer et \u00e0 g\u00e9rer ces programmes. Sachez que toutes les places de march\u00e9 ne disposent pas de ce type de programmes, mais nous vous aiderons naturellement \u00e0 le faire.<br>\u00a0<br><strong>Analyse de la p\u00e9n\u00e9tration des produits<\/strong><br>Vous \u00eates une marque et vous souhaitez conna\u00eetre l'offre de produits sur diff\u00e9rentes places de march\u00e9 ? Nous pouvons vous aider sur toutes les places de march\u00e9 europ\u00e9ennes et v\u00e9rifier pour vous l'offre de produits, y compris le prix, le vendeur et le d\u00e9lai de livraison. Nous avons mis en place une \u00e9quipe pour ce type de travail, qui fonctionne de mani\u00e8re tr\u00e8s rentable.<br>\u00a0<br><strong>Analyse des prix<\/strong><br>Naturellement, il existe des outils, mais... ces outils sont souvent assez chers - saviez-vous que certaines places de march\u00e9 sont assez intelligentes pour tromper ces outils ? C'est la raison pour laquelle nous proc\u00e9dons manuellement, afin de garantir la qualit\u00e9. Naturellement de la mani\u00e8re la plus rentable et la plus intelligente.<br>\u00a0<br><strong>Op\u00e9rations<\/strong><br><strong>Technologie<\/strong><br>Notre technologie peut \u00eatre propos\u00e9e en tant que service, y compris l'ensemble de notre r\u00e9seau de partenaires. Vous pouvez ainsi lancer ou d\u00e9ployer vos op\u00e9rations de march\u00e9 sans r\u00e9inventer la roue. TFE a g\u00e9r\u00e9 de nombreux assortiments, marques, entrep\u00f4ts, syst\u00e8mes de cuves, etc.<br>\u00a0<br><strong>Cha\u00eene d'approvisionnement<\/strong><br>Vous ne disposez pas de capacit\u00e9s d'e-fulfilment ou de livraison directe ? Pas de probl\u00e8me, nous disposons d'un r\u00e9seau avec des solutions. Nous pouvons vous aider \u00e0 s\u00e9lectionner les bons partenaires, \u00e0 les mettre en relation et \u00e0 les g\u00e9rer en votre nom.<br>\u00a0<br><strong>Retours<\/strong><br>Naturellement, ce n'est pas la partie la plus amusante des op\u00e9rations, alors faisons-le aussi efficacement que possible. Nous pouvons vous aider \u00e0 mettre en place les bonnes proc\u00e9dures de service \u00e0 la client\u00e8le, les adresses de retour internationales et l'\u00e9valuation des retours, tels que le r\u00e9approvisionnement, les ventes de seconde chance ou la destruction, afin de rendre les choses aussi efficaces que possible.<br>\u00a0<br><strong>Service client\u00e8le<\/strong><br>Vous souhaitez vendre dans d'autres pays ? Nous pouvons vous aider \u00e0 mettre en place votre service client\u00e8le et m\u00eame le reprendre en partie ou en totalit\u00e9. Nous disposons de notre propre \u00e9quipe d'op\u00e9rateurs de service \u00e0 la client\u00e8le et poss\u00e9dons une vaste exp\u00e9rience. TFE automatise tout ce qui ne n\u00e9cessite pas d'intervention humaine, mais nous comptons naturellement sur les personnes finales pour veiller \u00e0 ce que vous obteniez les bons commentaires et les bonnes \u00e9valuations.<br>\u00a0<strong><br>Strat\u00e9gie<\/strong><br>\u00c9tude du march\u00e9 europ\u00e9en<br>Une \u00e9tude du march\u00e9 europ\u00e9en pour votre marque, pr\u00e9sentant le paysage, la diff\u00e9rence entre B2B et B2C, l'impact de la transparence des prix, les options strat\u00e9giques et tactiques, y compris une analyse personnalis\u00e9e de votre assortiment. Nous l'avons fait plusieurs fois avec succ\u00e8s.<br>\u00a0<br><strong>Conseil strat\u00e9gique<\/strong><br>Conseil strat\u00e9gique \u00e0 votre \u00e9quipe de direction sur une strat\u00e9gie de march\u00e9, mise en place d'une \u00e9quipe, mise en place de processus, et kit d'outils technologiques, nous avons touch\u00e9 \u00e0 tout cela nous-m\u00eames, nous pouvons donc vous aider pour chaque \u00e9l\u00e9ment.<br>\u00a0<br><strong>Pr\u00e9sentations principales<\/strong><br>Besoin d'inspirer votre organisation ? Leur ouvrir les yeux ? Les former ? Nous avons form\u00e9 et inspir\u00e9 avec succ\u00e8s de nombreuses organisations sur la croissance, l'importance, l'impact et les possibilit\u00e9s des places de march\u00e9 b2c et b2b.<br>\u00a0<br><strong>Conseil<\/strong><br>Vous avez besoin d'un soutien quotidien en raison d'un manque (temporaire) de ressources. Ou vous constatez que votre \u00e9quipe a besoin d'un soutien suppl\u00e9mentaire ? Nous pouvons vous aider sur une base horaire. La demande la plus fr\u00e9quente est de soutenir les organisations dans la gestion des fournisseurs d'Amazon, mais d'autres programmes 1P ou un soutien 3P peuvent \u00e9galement \u00eatre fournis.<\/p>\n\n\n\n<p><\/p>","protected":false},"excerpt":{"rendered":"<p>ServicesWe operate on over 20 marketplaces as merchant of record, so we are a dealer on behalf of our customers. For this reason, we have loads of practical knowledge, which we can offer you independently as a separate service, but also as a package.\u00a0The service range from Strategy to optimization and operations.\u00a0OptimisationTranslationsWe can offer translation [&hellip;]<\/p>\n","protected":false},"author":3,"featured_media":0,"parent":2591,"menu_order":0,"comment_status":"closed","ping_status":"closed","template":"","meta":{"content-type":"","footnotes":""},"class_list":["post-12486","page","type-page","status-publish","hentry"],"_links":{"self":[{"href":"https:\/\/www.tfe.agency\/fr\/wp-json\/wp\/v2\/pages\/12486","targetHints":{"allow":["GET"]}}],"collection":[{"href":"https:\/\/www.tfe.agency\/fr\/wp-json\/wp\/v2\/pages"}],"about":[{"href":"https:\/\/www.tfe.agency\/fr\/wp-json\/wp\/v2\/types\/page"}],"author":[{"embeddable":true,"href":"https:\/\/www.tfe.agency\/fr\/wp-json\/wp\/v2\/users\/3"}],"replies":[{"embeddable":true,"href":"https:\/\/www.tfe.agency\/fr\/wp-json\/wp\/v2\/comments?post=12486"}],"version-history":[{"count":2,"href":"https:\/\/www.tfe.agency\/fr\/wp-json\/wp\/v2\/pages\/12486\/revisions"}],"predecessor-version":[{"id":12488,"href":"https:\/\/www.tfe.agency\/fr\/wp-json\/wp\/v2\/pages\/12486\/revisions\/12488"}],"up":[{"embeddable":true,"href":"https:\/\/www.tfe.agency\/fr\/wp-json\/wp\/v2\/pages\/2591"}],"wp:attachment":[{"href":"https:\/\/www.tfe.agency\/fr\/wp-json\/wp\/v2\/media?parent=12486"}],"curies":[{"name":"wp","href":"https:\/\/api.w.org\/{rel}","templated":true}]}}