{"id":11471,"date":"2022-08-18T11:09:12","date_gmt":"2022-08-18T11:09:12","guid":{"rendered":"https:\/\/www.tfe.agency\/?page_id=11471"},"modified":"2023-08-03T12:59:10","modified_gmt":"2023-08-03T12:59:10","slug":"niels-van-den-oetelaar","status":"publish","type":"page","link":"https:\/\/www.tfe.agency\/fr\/niels-van-den-oetelaar\/","title":{"rendered":"Niels van den Oetelaar"},"content":{"rendered":"<div data-elementor-type=\"wp-page\" data-elementor-id=\"11471\" class=\"elementor elementor-11471\" data-elementor-post-type=\"page\">\n\t\t\t\t\t\t<section class=\"elementor-section elementor-top-section elementor-element elementor-element-f1a2607 elementor-reverse-mobile elementor-section-boxed elementor-section-height-default elementor-section-height-default\" data-id=\"f1a2607\" data-element_type=\"section\" data-e-type=\"section\">\n\t\t\t\t\t\t<div class=\"elementor-container elementor-column-gap-default\">\n\t\t\t\t\t<div class=\"lqd-css-sticky-column elementor-column elementor-col-50 elementor-top-column elementor-element elementor-element-3df3344\" style=\"--lqd-sticky-offset:0px\" data-id=\"3df3344\" data-element_type=\"column\" data-e-type=\"column\">\n\t\t\t<div class=\"elementor-widget-wrap elementor-element-populated\">\n\t\t\t\t\t\t<section class=\"lqd-css-sticky elementor-section elementor-inner-section elementor-element elementor-element-629cf38 elementor-section-boxed elementor-section-height-default elementor-section-height-default\" style=\"top: auto; top: 0px;\" data-id=\"629cf38\" data-element_type=\"section\" data-e-type=\"section\">\n\t\t\t\t\t\t<div class=\"elementor-container elementor-column-gap-default\">\n\t\t\t\t\t<div class=\"elementor-column elementor-col-100 elementor-inner-column elementor-element elementor-element-77329f73\" data-id=\"77329f73\" data-element_type=\"column\" data-e-type=\"column\" data-settings=\"{&quot;background_background&quot;:&quot;classic&quot;}\">\n\t\t\t<div class=\"elementor-widget-wrap elementor-element-populated\">\n\t\t\t\t\t\t<div class=\"elementor-element elementor-element-4b37285f elementor-widget elementor-widget-ld_fancy_image\" data-id=\"4b37285f\" data-element_type=\"widget\" data-e-type=\"widget\" data-widget_type=\"ld_fancy_image.default\">\n\t\t\t\t<div class=\"elementor-widget-container\">\n\t\t\t\t\t\n\t\t<div class=\"lqd-imggrp-single d-block pos-rel\">\n\t\t\t<div class=\"lqd-imggrp-img-container d-inline-flex pos-rel align-items-center justify-content-center\">\n\t\t\t\t\t\t\t\t<figure class=\"w-100 pos-rel\">\n\t\t\t\t\t<img fetchpriority=\"high\" decoding=\"async\" width=\"2425\" height=\"2425\" src=\"https:\/\/www.tfe.agency\/wp-content\/uploads\/2022\/01\/IMG_2377-scaled-e1652364009120.jpeg\" class=\"attachment-full size-full wp-image-6877\" alt=\"lelijke kop\" srcset=\"https:\/\/www.tfe.agency\/wp-content\/uploads\/2022\/01\/IMG_2377-scaled-e1652364009120.jpeg 2425w, https:\/\/www.tfe.agency\/wp-content\/uploads\/2022\/01\/IMG_2377-scaled-e1652364009120-300x300.jpeg 300w, https:\/\/www.tfe.agency\/wp-content\/uploads\/2022\/01\/IMG_2377-scaled-e1652364009120-1024x1024.jpeg 1024w, https:\/\/www.tfe.agency\/wp-content\/uploads\/2022\/01\/IMG_2377-scaled-e1652364009120-150x150.jpeg 150w, https:\/\/www.tfe.agency\/wp-content\/uploads\/2022\/01\/IMG_2377-scaled-e1652364009120-768x768.jpeg 768w, https:\/\/www.tfe.agency\/wp-content\/uploads\/2022\/01\/IMG_2377-scaled-e1652364009120-1536x1536.jpeg 1536w, https:\/\/www.tfe.agency\/wp-content\/uploads\/2022\/01\/IMG_2377-scaled-e1652364009120-2048x2048.jpeg 2048w, https:\/\/www.tfe.agency\/wp-content\/uploads\/2022\/01\/IMG_2377-scaled-e1652364009120-320x320.jpeg 320w, https:\/\/www.tfe.agency\/wp-content\/uploads\/2022\/01\/IMG_2377-scaled-e1652364009120-760x760.jpeg 760w, https:\/\/www.tfe.agency\/wp-content\/uploads\/2022\/01\/IMG_2377-scaled-e1652364009120-12x12.jpeg 12w\" sizes=\"(max-width: 2425px) 100vw, 2425px\" itemprop=\"image\" \/>\t\t\t\t\t\t\t\t\t\t\t\t\t\t\t\t\t\t\t\t\t\t\t\t\t\t\t\t\t<\/figure>\n\t\t\t<\/div>\n\t\t<\/div>\n\n\t\t\t\t\t<\/div>\n\t\t\t\t<\/div>\n\t\t\t\t<div class=\"elementor-element elementor-element-6c8b50b6 elementor-widget elementor-widget-hub_fancy_heading\" data-id=\"6c8b50b6\" data-element_type=\"widget\" data-e-type=\"widget\" data-widget_type=\"hub_fancy_heading.default\">\n\t\t\t\t<div class=\"elementor-widget-container\">\n\t\t\t\t\t\n\t\t<div id=\"ld-fancy-heading-69de65ca52853\" class=\"ld-fancy-heading pos-rel\">\n\t\t\t<h3 class=\"ld-fh-element d-inline-block pos-rel  elementor-heading-title lqd-highlight-classic lqd-highlight-grow-left h3\"  > <br>Informations sur Niels<\/h3>\t\t<\/div>\n\n\t\t\t\t\t\t<\/div>\n\t\t\t\t<\/div>\n\t\t\t\t<div class=\"elementor-element elementor-element-ee1cd61 elementor-widget elementor-widget-text-editor\" data-id=\"ee1cd61\" data-element_type=\"widget\" data-e-type=\"widget\" data-widget_type=\"text-editor.default\">\n\t\t\t\t\t\t\t\t\t<p>- niels@tfe.agency<br \/>&#8211; <a href=\"https:\/\/www.linkedin.com\/in\/nielsoet\/\" target=\"_blank\" rel=\"noopener\">Connectez-vous sur LinkedIn<\/a><\/p>\t\t\t\t\t\t\t\t<\/div>\n\t\t\t\t\t<\/div>\n\t\t<\/div>\n\t\t\t\t\t<\/div>\n\t\t<\/section>\n\t\t\t\t\t<\/div>\n\t\t<\/div>\n\t\t\t\t<div class=\"elementor-column elementor-col-50 elementor-top-column elementor-element elementor-element-2c6cf431\" data-id=\"2c6cf431\" data-element_type=\"column\" data-e-type=\"column\">\n\t\t\t<div class=\"elementor-widget-wrap elementor-element-populated\">\n\t\t\t\t\t\t<div class=\"elementor-element elementor-element-62ec3dba elementor-widget elementor-widget-hub_fancy_heading\" data-id=\"62ec3dba\" data-element_type=\"widget\" data-e-type=\"widget\" data-widget_type=\"hub_fancy_heading.default\">\n\t\t\t\t<div class=\"elementor-widget-container\">\n\t\t\t\t\t\n\t\t<div id=\"ld-fancy-heading-69de65ca54dea\" class=\"ld-fancy-heading pos-rel\">\n\t\t\t<h3 class=\"ld-fh-element d-inline-block pos-rel  elementor-heading-title lqd-highlight-classic lqd-highlight-grow-left h3\"  > Niels van den Oetelaar<\/h3>\t\t<\/div>\n\n\t\t\t\t\t\t<\/div>\n\t\t\t\t<\/div>\n\t\t\t\t<div class=\"elementor-element elementor-element-209ffafa elementor-widget elementor-widget-hub_fancy_heading\" data-id=\"209ffafa\" data-element_type=\"widget\" data-e-type=\"widget\" data-widget_type=\"hub_fancy_heading.default\">\n\t\t\t\t<div class=\"elementor-widget-container\">\n\t\t\t\t\t\n\t\t<div id=\"ld-fancy-heading-69de65ca55570\" class=\"ld-fancy-heading pos-rel\">\n\t\t\t<p class=\"ld-fh-element d-inline-block pos-rel  lqd-highlight-classic lqd-highlight-grow-left p\"  > <strong> R\u00f4le et expertise :<\/strong><br>\nGestionnaire op\u00e9rationnel et impl\u00e9mentations techniques<br>Bachelor Communication &amp; Multimedia Design <br>Expertise et marketing<br><br>\n\n<strong> A propos de <\/strong>\n<br>\u00c0 son \u00e2ge, vous ne devineriez pas que TFE est d\u00e9j\u00e0 sa quatri\u00e8me entreprise dans laquelle il est actif en tant que copropri\u00e9taire. Le d\u00e9veloppement informatique et le commerce ont \u00e9t\u00e9 les mots cl\u00e9s jusqu'\u00e0 pr\u00e9sent. Au sein de TFE, Niels est responsable du passage des processus \u00e0 la technique et de la mise en \u0153uvre de nouveaux assortiments.<\/p>\t\t<\/div>\n\n\t\t\t\t\t\t<\/div>\n\t\t\t\t<\/div>\n\t\t\t\t\t<\/div>\n\t\t<\/div>\n\t\t\t\t\t<\/div>\n\t\t<\/section>\n\t\t\t\t<\/div>","protected":false},"excerpt":{"rendered":"<p>Information about Niels &#8211; niels@tfe.agency&#8211; Connect on LinkedIn Niels van den Oetelaar Role and expertise: Operational Manager &amp; Technical ImplementationsBachelor Communication &amp; Multimedia Design Expertise at and Marketing About Looking at his age you wouldn\u2019t guess that TFE is already his 4th company in which he is active as co-owner. IT Development and trade have [&hellip;]<\/p>\n","protected":false},"author":3,"featured_media":0,"parent":0,"menu_order":0,"comment_status":"closed","ping_status":"closed","template":"","meta":{"content-type":"","footnotes":""},"class_list":["post-11471","page","type-page","status-publish","hentry"],"_links":{"self":[{"href":"https:\/\/www.tfe.agency\/fr\/wp-json\/wp\/v2\/pages\/11471","targetHints":{"allow":["GET"]}}],"collection":[{"href":"https:\/\/www.tfe.agency\/fr\/wp-json\/wp\/v2\/pages"}],"about":[{"href":"https:\/\/www.tfe.agency\/fr\/wp-json\/wp\/v2\/types\/page"}],"author":[{"embeddable":true,"href":"https:\/\/www.tfe.agency\/fr\/wp-json\/wp\/v2\/users\/3"}],"replies":[{"embeddable":true,"href":"https:\/\/www.tfe.agency\/fr\/wp-json\/wp\/v2\/comments?post=11471"}],"version-history":[{"count":31,"href":"https:\/\/www.tfe.agency\/fr\/wp-json\/wp\/v2\/pages\/11471\/revisions"}],"predecessor-version":[{"id":13854,"href":"https:\/\/www.tfe.agency\/fr\/wp-json\/wp\/v2\/pages\/11471\/revisions\/13854"}],"wp:attachment":[{"href":"https:\/\/www.tfe.agency\/fr\/wp-json\/wp\/v2\/media?parent=11471"}],"curies":[{"name":"wp","href":"https:\/\/api.w.org\/{rel}","templated":true}]}}