{"id":2381,"date":"2020-02-19T14:23:56","date_gmt":"2020-02-19T14:23:56","guid":{"rendered":"https:\/\/stal.qodeinteractive.com\/?page_id=2381"},"modified":"2025-05-14T09:39:34","modified_gmt":"2025-05-14T09:39:34","slug":"contact-us","status":"publish","type":"page","link":"https:\/\/www.tfe.agency\/es\/contact-us\/","title":{"rendered":"P\u00f3ngase en contacto con nosotros"},"content":{"rendered":"<div data-elementor-type=\"wp-page\" data-elementor-id=\"2381\" class=\"elementor elementor-2381\" data-elementor-post-type=\"page\">\n\t\t\t\t\t\t<section class=\"elementor-section elementor-top-section elementor-element elementor-element-9f76ccd elementor-section-boxed elementor-section-height-default elementor-section-height-default\" data-id=\"9f76ccd\" data-element_type=\"section\" data-e-type=\"section\" data-settings=\"{&quot;background_background&quot;:&quot;classic&quot;}\">\n\t\t\t\t\t\t<div class=\"elementor-container elementor-column-gap-default\">\n\t\t\t\t\t<div class=\"elementor-column elementor-col-50 elementor-top-column elementor-element elementor-element-d1aa3b6\" data-id=\"d1aa3b6\" data-element_type=\"column\" data-e-type=\"column\" data-settings=\"{&quot;background_background&quot;:&quot;classic&quot;}\">\n\t\t\t<div class=\"elementor-widget-wrap elementor-element-populated\">\n\t\t\t\t\t\t<div class=\"elementor-element elementor-element-4154388 elementor-widget elementor-widget-image\" data-id=\"4154388\" data-element_type=\"widget\" data-e-type=\"widget\" data-widget_type=\"image.default\">\n\t\t\t\t\t\t\t\t\t\t\t\t\t\t\t<img fetchpriority=\"high\" decoding=\"async\" width=\"780\" height=\"585\" src=\"https:\/\/www.tfe.agency\/wp-content\/uploads\/2022\/07\/teampicture-1024x768.jpg\" class=\"attachment-large size-large wp-image-11312\" alt=\"\" srcset=\"https:\/\/www.tfe.agency\/wp-content\/uploads\/2022\/07\/teampicture-1024x768.jpg 1024w, https:\/\/www.tfe.agency\/wp-content\/uploads\/2022\/07\/teampicture-300x225.jpg 300w, https:\/\/www.tfe.agency\/wp-content\/uploads\/2022\/07\/teampicture-1536x1152.jpg 1536w, https:\/\/www.tfe.agency\/wp-content\/uploads\/2022\/07\/teampicture-16x12.jpg 16w, https:\/\/www.tfe.agency\/wp-content\/uploads\/2022\/07\/teampicture.jpg 2048w\" sizes=\"(max-width: 780px) 100vw, 780px\" \/>\t\t\t\t\t\t\t\t\t\t\t\t\t\t\t<\/div>\n\t\t\t\t\t<\/div>\n\t\t<\/div>\n\t\t\t\t<div class=\"elementor-column elementor-col-50 elementor-top-column elementor-element elementor-element-92f9e4d\" data-id=\"92f9e4d\" data-element_type=\"column\" data-e-type=\"column\" data-settings=\"{&quot;background_background&quot;:&quot;classic&quot;}\">\n\t\t\t<div class=\"elementor-widget-wrap elementor-element-populated\">\n\t\t\t\t\t\t<div class=\"elementor-element elementor-element-2fa654d elementor-widget elementor-widget-text-editor\" data-id=\"2fa654d\" data-element_type=\"widget\" data-e-type=\"widget\" data-widget_type=\"text-editor.default\">\n\t\t\t\t\t\t\t\t\t<p><strong>Direcci\u00f3n postal<\/strong><br \/>Sluitappel 67<br \/>5491 TS Sint-Oedenrode<span class=\"c-message__edited_label\" dir=\"ltr\" data-sk=\"tooltip_parent\">\u00a0<br \/>Pa\u00edses Bajos<\/span><\/p><p><strong>Tel\u00e9fono<\/strong><br \/>+31 (0)85-4000048<\/p><p><strong>Direcci\u00f3n de correo electr\u00f3nico<\/strong><br \/><a href=\"mailto:support@tfe.agency\">support@tfe.agency<\/a><\/p>\t\t\t\t\t\t\t\t<\/div>\n\t\t\t\t\t<\/div>\n\t\t<\/div>\n\t\t\t\t\t<\/div>\n\t\t<\/section>\n\t\t\t\t<section class=\"elementor-section elementor-top-section elementor-element elementor-element-45a967f9 elementor-section-boxed elementor-section-height-default elementor-section-height-default\" data-id=\"45a967f9\" data-element_type=\"section\" data-e-type=\"section\">\n\t\t\t\t\t\t<div class=\"elementor-container elementor-column-gap-wider\">\n\t\t\t\t\t<div class=\"elementor-column elementor-col-33 elementor-top-column elementor-element elementor-element-1301ead1\" data-id=\"1301ead1\" data-element_type=\"column\" data-e-type=\"column\">\n\t\t\t<div class=\"elementor-widget-wrap elementor-element-populated\">\n\t\t\t\t\t\t<div class=\"elementor-element elementor-element-23833ecb elementor-widget elementor-widget-ld_team_member\" data-id=\"23833ecb\" data-element_type=\"widget\" data-e-type=\"widget\" data-widget_type=\"ld_team_member.default\">\n\t\t\t\t<div class=\"elementor-widget-container\">\n\t\t\t\t\t\n\t\t<div class=\"lqd-tm pos-rel lqd-tm-style-3 border-radius-4 overflow-hidden text-center\">\n\n\t\t\t\t\t\t\t\t<div class=\"lqd-tm-img pos-rel\">\n\t\t\t\t\t\t<figure>\n\t\t\t\t\t\t\t<img decoding=\"async\" width=\"1097\" height=\"1097\" src=\"https:\/\/www.tfe.agency\/wp-content\/uploads\/2021\/03\/WMC-Bob-e1652363824853.jpg\" class=\"w-100\" alt=\"Bob Boekema\" srcset=\"https:\/\/www.tfe.agency\/wp-content\/uploads\/2021\/03\/WMC-Bob-e1652363824853.jpg 1097w, https:\/\/www.tfe.agency\/wp-content\/uploads\/2021\/03\/WMC-Bob-e1652363824853-300x300.jpg 300w, https:\/\/www.tfe.agency\/wp-content\/uploads\/2021\/03\/WMC-Bob-e1652363824853-1024x1024.jpg 1024w, https:\/\/www.tfe.agency\/wp-content\/uploads\/2021\/03\/WMC-Bob-e1652363824853-150x150.jpg 150w, https:\/\/www.tfe.agency\/wp-content\/uploads\/2021\/03\/WMC-Bob-e1652363824853-768x768.jpg 768w, https:\/\/www.tfe.agency\/wp-content\/uploads\/2021\/03\/WMC-Bob-e1652363824853-320x320.jpg 320w, https:\/\/www.tfe.agency\/wp-content\/uploads\/2021\/03\/WMC-Bob-e1652363824853-760x760.jpg 760w, https:\/\/www.tfe.agency\/wp-content\/uploads\/2021\/03\/WMC-Bob-e1652363824853-12x12.jpg 12w\" sizes=\"(max-width: 1097px) 100vw, 1097px\" itemprop=\"image\" \/>\t\t\t\t\t\t<\/figure>\n\t\t\t\t\t\t<div class=\"lqd-tm-socials lqd-overlay d-flex align-items-center justify-content-center\">\n\t\t\t\t\t\t\t \n\t\t\t\t\t\t\t<ul class=\"social-icon social-icon-vertical pos-rel z-index-3\">\n\t\t\t\t\t\t\t\t\t\t\t\t\t\t\t<li class=\"elementor-repeater-item-f8ad75f\">\n\t\t\t\t\t\t\t\t\t<a href=\"https:\/\/www.linkedin.com\/in\/bobboekema\/\" target=\"_blank\" rel=\"noopener\">\n\t\t\t\t\t\t\t\t\t<i class=\"fab fa-linkedin\"><\/i><\/a>\n\t\t\t\t\t\t\t\t<\/li>\n\t\t\t\t\t\t\t\t\t\t\t\t\t\t\t<li class=\"elementor-repeater-item-fb18a9a\">\n\t\t\t\t\t\t\t\t\t<a href=\"mailto:bob@tfe.agency\">\n\t\t\t\t\t\t\t\t\t<i class=\"fas fa-envelope\"><\/i><\/a>\n\t\t\t\t\t\t\t\t<\/li>\n\t\t\t\t\t\t\t\t\t\t\t\t\t\t<\/ul>\n\t\t\t\t\t\t\t\t\t\t\t\t\t<\/div>\n\t\t\t\t\t<\/div>\n\n\t\t\t\t\t<div\n\t\t\t\t\t\tclass=\"lqd-tm-details p-4 pos-rel\"\n\t\t\t\t\t\tdata-custom-animations=\"true\"\n\t\t\t\t\t\tdata-ca-options='{ \"triggerHandler\": \"inview\", \"animationTarget\": \"h3,h6\", \"duration\": 1200, \"delay\": 120,  \"startDelay\": 500, \"direction\": \"backward\", \"initValues\": { \"translateY\": -30, \"opacity\": 0 }, \"animations\": { \"translateY\": 0, \"opacity\": 1 } }'\n\t\t\t\t\t>\n\n\t\t\t\t\t\t<div class=\"lqd-tm-bg lqd-overlay\" data-reveal=\"true\" data-reveal-options='{ \"direction\": \"tb\", \"bgcolor\": \"rgba(0,0,0,0.1)\", \"duration\": 400 }'><\/div>\n\n\t\t\t\t\t\t<h3 class=\"mt-0 mb-2\">Bob Boekema<\/h3>\n\t\t\t\t\t\t<h6 class=\"mt-0 mb-0\">Director Comercial y General<\/h6>\n\n\t\t\t\t\t<\/div>\n\t\t\t\t\t\t\t\t\t\t\t<a href=\"https:\/\/www.tfe.agency\/es\/bob-boekema\/\" target=\"_blank\" rel=\"nofollow\" class=\"lqd-overlay\"><\/a>\n\t\t\t\t\t\t\t\t\t\n\t\t<\/div>\n\n\t\t\t\t\t\t<\/div>\n\t\t\t\t<\/div>\n\t\t\t\t\t<\/div>\n\t\t<\/div>\n\t\t\t\t<div class=\"elementor-column elementor-col-33 elementor-top-column elementor-element elementor-element-74b9fa5f\" data-id=\"74b9fa5f\" data-element_type=\"column\" data-e-type=\"column\">\n\t\t\t<div class=\"elementor-widget-wrap elementor-element-populated\">\n\t\t\t\t\t\t<div class=\"elementor-element elementor-element-7ad54b4c elementor-widget elementor-widget-ld_team_member\" data-id=\"7ad54b4c\" data-element_type=\"widget\" data-e-type=\"widget\" data-widget_type=\"ld_team_member.default\">\n\t\t\t\t<div class=\"elementor-widget-container\">\n\t\t\t\t\t\n\t\t<div class=\"lqd-tm pos-rel lqd-tm-style-3 border-radius-4 overflow-hidden text-center\">\n\n\t\t\t\t\t\t\t\t<div class=\"lqd-tm-img pos-rel\">\n\t\t\t\t\t\t<figure>\n\t\t\t\t\t\t\t<img decoding=\"async\" width=\"500\" height=\"500\" src=\"data:image\/svg+xml;charset=utf-8,%3Csvg xmlns%3D&#039;http%3A%2F%2Fwww.w3.org%2F2000%2Fsvg&#039; viewBox%3D&#039;0 0 500 500&#039;%2F%3E\" class=\"w-100 ld-lazyload\" alt=\"John Watson\" itemprop=\"image\" data-src=\"https:\/\/www.tfe.agency\/wp-content\/uploads\/2021\/03\/tfe_john.jpg\" data-srcset=\"https:\/\/www.tfe.agency\/wp-content\/uploads\/2021\/03\/tfe_john.jpg 500w, https:\/\/www.tfe.agency\/wp-content\/uploads\/2021\/03\/tfe_john-300x300.jpg 300w, https:\/\/www.tfe.agency\/wp-content\/uploads\/2021\/03\/tfe_john-150x150.jpg 150w, https:\/\/www.tfe.agency\/wp-content\/uploads\/2021\/03\/tfe_john-82x82.jpg 82w, https:\/\/www.tfe.agency\/wp-content\/uploads\/2021\/03\/tfe_john-320x320.jpg 320w, https:\/\/www.tfe.agency\/wp-content\/uploads\/2021\/03\/tfe_john-12x12.jpg 12w\" data-sizes=\"(max-width: 500px) 100vw, 500px\" data-aspect=\"1\" \/>\t\t\t\t\t\t<\/figure>\n\t\t\t\t\t\t<div class=\"lqd-tm-socials lqd-overlay d-flex align-items-center justify-content-center\">\n\t\t\t\t\t\t\t \n\t\t\t\t\t\t\t<ul class=\"social-icon social-icon-vertical pos-rel z-index-3\">\n\t\t\t\t\t\t\t\t\t\t\t\t\t\t\t<li class=\"elementor-repeater-item-f8ad75f\">\n\t\t\t\t\t\t\t\t\t<a href=\"https:\/\/www.linkedin.com\/in\/watsonjohn\/\" target=\"_blank\" rel=\"noopener\">\n\t\t\t\t\t\t\t\t\t<i class=\"fab fa-linkedin\"><\/i><\/a>\n\t\t\t\t\t\t\t\t<\/li>\n\t\t\t\t\t\t\t\t\t\t\t\t\t\t\t<li class=\"elementor-repeater-item-fb18a9a\">\n\t\t\t\t\t\t\t\t\t<a href=\"mailto:john@tfe.agency\">\n\t\t\t\t\t\t\t\t\t<i class=\"fas fa-envelope\"><\/i><\/a>\n\t\t\t\t\t\t\t\t<\/li>\n\t\t\t\t\t\t\t\t\t\t\t\t\t\t<\/ul>\n\t\t\t\t\t\t\t\t\t\t\t\t\t<\/div>\n\t\t\t\t\t<\/div>\n\n\t\t\t\t\t<div\n\t\t\t\t\t\tclass=\"lqd-tm-details p-4 pos-rel\"\n\t\t\t\t\t\tdata-custom-animations=\"true\"\n\t\t\t\t\t\tdata-ca-options='{ \"triggerHandler\": \"inview\", \"animationTarget\": \"h3,h6\", \"duration\": 1200, \"delay\": 120,  \"startDelay\": 500, \"direction\": \"backward\", \"initValues\": { \"translateY\": -30, \"opacity\": 0 }, \"animations\": { \"translateY\": 0, \"opacity\": 1 } }'\n\t\t\t\t\t>\n\n\t\t\t\t\t\t<div class=\"lqd-tm-bg lqd-overlay\" data-reveal=\"true\" data-reveal-options='{ \"direction\": \"tb\", \"bgcolor\": \"rgba(0,0,0,0.1)\", \"duration\": 400 }'><\/div>\n\n\t\t\t\t\t\t<h3 class=\"mt-0 mb-2\">John Watson<\/h3>\n\t\t\t\t\t\t<h6 class=\"mt-0 mb-0\">Socio Director <br>REINO UNIDO<\/h6>\n\n\t\t\t\t\t<\/div>\n\t\t\t\t\t\t\t\t\t\t\t<a href=\"https:\/\/www.tfe.agency\/es\/john-watson\/\" target=\"_blank\" rel=\"nofollow\" class=\"lqd-overlay\"><\/a>\n\t\t\t\t\t\t\t\t\t\n\t\t<\/div>\n\n\t\t\t\t\t\t<\/div>\n\t\t\t\t<\/div>\n\t\t\t\t\t<\/div>\n\t\t<\/div>\n\t\t\t\t<div class=\"elementor-column elementor-col-33 elementor-top-column elementor-element elementor-element-2a2c4d87\" data-id=\"2a2c4d87\" data-element_type=\"column\" data-e-type=\"column\">\n\t\t\t<div class=\"elementor-widget-wrap elementor-element-populated\">\n\t\t\t\t\t\t<div class=\"elementor-element elementor-element-3df68921 elementor-widget elementor-widget-ld_team_member\" data-id=\"3df68921\" data-element_type=\"widget\" data-e-type=\"widget\" data-widget_type=\"ld_team_member.default\">\n\t\t\t\t<div class=\"elementor-widget-container\">\n\t\t\t\t\t\n\t\t<div class=\"lqd-tm pos-rel lqd-tm-style-3 border-radius-4 overflow-hidden text-center\">\n\n\t\t\t\t\t\t\t\t<div class=\"lqd-tm-img pos-rel\">\n\t\t\t\t\t\t<figure>\n\t\t\t\t\t\t\t<img loading=\"lazy\" decoding=\"async\" width=\"500\" height=\"500\" src=\"data:image\/svg+xml;charset=utf-8,%3Csvg xmlns%3D&#039;http%3A%2F%2Fwww.w3.org%2F2000%2Fsvg&#039; viewBox%3D&#039;0 0 500 500&#039;%2F%3E\" class=\"w-100 ld-lazyload\" alt=\"Olivier Poinsot\u200b\" itemprop=\"image\" data-src=\"https:\/\/www.tfe.agency\/wp-content\/uploads\/2021\/03\/tfe_olivier.jpg\" data-srcset=\"https:\/\/www.tfe.agency\/wp-content\/uploads\/2021\/03\/tfe_olivier.jpg 500w, https:\/\/www.tfe.agency\/wp-content\/uploads\/2021\/03\/tfe_olivier-300x300.jpg 300w, https:\/\/www.tfe.agency\/wp-content\/uploads\/2021\/03\/tfe_olivier-150x150.jpg 150w, https:\/\/www.tfe.agency\/wp-content\/uploads\/2021\/03\/tfe_olivier-82x82.jpg 82w, https:\/\/www.tfe.agency\/wp-content\/uploads\/2021\/03\/tfe_olivier-320x320.jpg 320w, https:\/\/www.tfe.agency\/wp-content\/uploads\/2021\/03\/tfe_olivier-12x12.jpg 12w\" data-sizes=\"(max-width: 500px) 100vw, 500px\" data-aspect=\"1\" \/>\t\t\t\t\t\t<\/figure>\n\t\t\t\t\t\t<div class=\"lqd-tm-socials lqd-overlay d-flex align-items-center justify-content-center\">\n\t\t\t\t\t\t\t \n\t\t\t\t\t\t\t<ul class=\"social-icon social-icon-vertical pos-rel z-index-3\">\n\t\t\t\t\t\t\t\t\t\t\t\t\t\t\t<li class=\"elementor-repeater-item-f8ad75f\">\n\t\t\t\t\t\t\t\t\t<a href=\"https:\/\/www.linkedin.com\/in\/olivierpoinsot\/nkedin.com\/in\/watsonjohn\/\" target=\"_blank\" rel=\"noopener\">\n\t\t\t\t\t\t\t\t\t<i class=\"fab fa-linkedin\"><\/i><\/a>\n\t\t\t\t\t\t\t\t<\/li>\n\t\t\t\t\t\t\t\t\t\t\t\t\t\t\t<li class=\"elementor-repeater-item-fb18a9a\">\n\t\t\t\t\t\t\t\t\t<a href=\"mailto:olivier@tfe.agency\">\n\t\t\t\t\t\t\t\t\t<i class=\"fas fa-envelope\"><\/i><\/a>\n\t\t\t\t\t\t\t\t<\/li>\n\t\t\t\t\t\t\t\t\t\t\t\t\t\t<\/ul>\n\t\t\t\t\t\t\t\t\t\t\t\t\t<\/div>\n\t\t\t\t\t<\/div>\n\n\t\t\t\t\t<div\n\t\t\t\t\t\tclass=\"lqd-tm-details p-4 pos-rel\"\n\t\t\t\t\t\tdata-custom-animations=\"true\"\n\t\t\t\t\t\tdata-ca-options='{ \"triggerHandler\": \"inview\", \"animationTarget\": \"h3,h6\", \"duration\": 1200, \"delay\": 120,  \"startDelay\": 500, \"direction\": \"backward\", \"initValues\": { \"translateY\": -30, \"opacity\": 0 }, \"animations\": { \"translateY\": 0, \"opacity\": 1 } }'\n\t\t\t\t\t>\n\n\t\t\t\t\t\t<div class=\"lqd-tm-bg lqd-overlay\" data-reveal=\"true\" data-reveal-options='{ \"direction\": \"tb\", \"bgcolor\": \"rgba(0,0,0,0.1)\", \"duration\": 400 }'><\/div>\n\n\t\t\t\t\t\t<h3 class=\"mt-0 mb-2\">Olivier Poinsot<\/h3>\n\t\t\t\t\t\t<h6 class=\"mt-0 mb-0\">Socio Director <br>Francia<\/h6>\n\n\t\t\t\t\t<\/div>\n\t\t\t\t\t\t\t\t\t\t\t<a href=\"https:\/\/www.tfe.agency\/es\/olivier-poinsot\/\" target=\"_blank\" rel=\"nofollow\" class=\"lqd-overlay\"><\/a>\n\t\t\t\t\t\t\t\t\t\n\t\t<\/div>\n\n\t\t\t\t\t\t<\/div>\n\t\t\t\t<\/div>\n\t\t\t\t\t<\/div>\n\t\t<\/div>\n\t\t\t\t\t<\/div>\n\t\t<\/section>\n\t\t\t\t<\/div>","protected":false},"excerpt":{"rendered":"<p>Direcci\u00f3n postalSluitappel 675491 TS Sint-Oedenrode Pa\u00edses Bajos Tel\u00e9fono+31 (0)85-4000048 Correo electr\u00f3nico addresssupport@tfe.agency Bob Boekema Director comercial y general John Watson Socio gerente Reino Unido Olivier Poinsot Socio gerente Francia<\/p>","protected":false},"author":3,"featured_media":0,"parent":0,"menu_order":0,"comment_status":"closed","ping_status":"closed","template":"","meta":{"content-type":"","footnotes":""},"class_list":["post-2381","page","type-page","status-publish","hentry"],"_links":{"self":[{"href":"https:\/\/www.tfe.agency\/es\/wp-json\/wp\/v2\/pages\/2381","targetHints":{"allow":["GET"]}}],"collection":[{"href":"https:\/\/www.tfe.agency\/es\/wp-json\/wp\/v2\/pages"}],"about":[{"href":"https:\/\/www.tfe.agency\/es\/wp-json\/wp\/v2\/types\/page"}],"author":[{"embeddable":true,"href":"https:\/\/www.tfe.agency\/es\/wp-json\/wp\/v2\/users\/3"}],"replies":[{"embeddable":true,"href":"https:\/\/www.tfe.agency\/es\/wp-json\/wp\/v2\/comments?post=2381"}],"version-history":[{"count":78,"href":"https:\/\/www.tfe.agency\/es\/wp-json\/wp\/v2\/pages\/2381\/revisions"}],"predecessor-version":[{"id":47609,"href":"https:\/\/www.tfe.agency\/es\/wp-json\/wp\/v2\/pages\/2381\/revisions\/47609"}],"wp:attachment":[{"href":"https:\/\/www.tfe.agency\/es\/wp-json\/wp\/v2\/media?parent=2381"}],"curies":[{"name":"wp","href":"https:\/\/api.w.org\/{rel}","templated":true}]}}