{"id":12486,"date":"2022-12-09T15:18:03","date_gmt":"2022-12-09T15:18:03","guid":{"rendered":"https:\/\/www.tfe.agency\/?page_id=12486"},"modified":"2022-12-09T15:21:17","modified_gmt":"2022-12-09T15:21:17","slug":"seperate-services","status":"publish","type":"page","link":"https:\/\/www.tfe.agency\/es\/our-services\/seperate-services\/","title":{"rendered":"Servicios independientes"},"content":{"rendered":"<p><\/p>\n\n\n\n<p><\/p>\n\n\n\n<p><strong>Servicios<\/strong><br>Operamos en m\u00e1s de 20 marketplaces como merchant of record, por lo que somos distribuidores en nombre de nuestros clientes. Por este motivo, disponemos de muchos conocimientos pr\u00e1cticos, que podemos ofrecerle de forma independiente como servicio independiente, pero tambi\u00e9n como paquete. El servicio abarca desde la estrategia hasta la optimizaci\u00f3n y las operaciones.<br>\u00a0<br><strong>Optimizaci\u00f3n<\/strong><br><strong>Traducciones<\/strong><br>Podemos ofrecerle servicios de traducci\u00f3n en ingl\u00e9s, franc\u00e9s, neerland\u00e9s, espa\u00f1ol, alem\u00e1n e italiano. Combinados con nuestros servicios de optimizaci\u00f3n de mercados podemos impulsar sus resultados en cada mercado.<br>\u00a0<br><strong>Optimizaci\u00f3n<\/strong><br>Por marketplace, sabemos c\u00f3mo leen su contenido los algoritmos. De este modo, podemos ayudarle con la optimizaci\u00f3n de los t\u00edtulos de los productos, los atributos y los textos de los productos de forma que sean captados m\u00e1s f\u00e1cilmente por el algoritmo de marketplace.<br>\u00a0<br><strong>Contenido y programa de marca Registro<\/strong><br>Cada vez m\u00e1s mercados cuentan con programas de registro de marcas. Podemos ayudarle con el registro y la gesti\u00f3n de estos programas. Tenga en cuenta que no todos los marketplaces disponen de este tipo de programas, pero naturalmente le ayudaremos con ello.<br>\u00a0<br><strong>An\u00e1lisis de la penetraci\u00f3n del producto<\/strong><br>\u00bfEs usted una marca y quiere saber cu\u00e1l es la oferta de productos en varios marketplaces? Podemos ayudarle con todos los mercados europeos y comprobar por usted la oferta de productos, incluidos el precio, el vendedor y el plazo de entrega. Hemos creado un equipo para este tipo de trabajo, que funciona de forma muy rentable.<br>\u00a0<br><strong>An\u00e1lisis de precios<\/strong><br>Naturalmente, existen herramientas, pero... estas herramientas suelen ser bastante caras \u00bfSab\u00eda que algunos mercados son lo suficientemente listos como para enga\u00f1ar a estas herramientas? Por eso, lo hacemos manualmente, para garantizar la calidad. Naturalmente, de la forma m\u00e1s rentable e inteligente<br>\u00a0<br><strong>Operaciones<\/strong><br><strong>Tecnolog\u00eda<\/strong><br>Nuestra tecnolog\u00eda puede ofrecerse como un servicio, incluyendo toda nuestra red de socios. De este modo, puede lanzar o poner en marcha sus operaciones de mercado sin reinventar la rueda. TFE ha gestionado m\u00faltiples surtidos, marcas, almacenes, sistemas de cubas, etc., por lo que el sistema es a prueba de balas.<br>\u00a0<br><strong>Cadena de suministro<\/strong><br>\u00bfNo tiene capacidades de e-fulfilment o drop ship? No hay problema, tenemos una red con soluciones. Podemos ayudarle a seleccionar los socios adecuados, conectarlos y tambi\u00e9n gestionarlos en su nombre.<br>\u00a0<br><strong>Devuelve<\/strong><br>Naturalmente no es la parte divertida de las operaciones, as\u00ed que hag\u00e1moslo de la forma m\u00e1s eficiente posible. Podemos ayudarle con los procesos correctos de atenci\u00f3n al cliente, las direcciones internacionales de devoluci\u00f3n y la evaluaci\u00f3n de las devoluciones, como la reposici\u00f3n de existencias, las ventas de segunda oportunidad o la destrucci\u00f3n, todo ello para que las cosas sean lo m\u00e1s eficientes posible.<br>\u00a0<br><strong>Atenci\u00f3n al cliente<\/strong><br>\u00bfQuiere vender en otros pa\u00edses? Podemos ayudarle con la puesta en marcha de su servicio de atenci\u00f3n al cliente e incluso podemos asumirlo en parte o en su totalidad. Contamos con nuestro propio equipo de operadores de atenci\u00f3n al cliente y tenemos una amplia experiencia. TFE automatiza todo lo que no requiere un toque humano, pero naturalmente, confiamos en las personas finales, para asegurarnos de que obtiene las rese\u00f1as y valoraciones correctas.<br>\u00a0<strong><br>Estrategia<\/strong><br>Estudio del mercado europeo<br>Un estudio del mercado europeo para su marca, que ofrece el panorama, la diferencia entre B2B y B2C, el impacto de la transparencia de precios, las opciones estrat\u00e9gicas y t\u00e1cticas, incluido un an\u00e1lisis personalizado de su surtido. Lo hemos realizado varias veces con \u00e9xito.<br>\u00a0<br><strong>Consultor\u00eda estrat\u00e9gica<\/strong><br>Consultor\u00eda estrat\u00e9gica a su equipo directivo sobre una estrategia de mercado, creaci\u00f3n de un equipo, establecimiento de procesos y kit de herramientas tecnol\u00f3gicas, lo hemos tocado nosotros mismos, as\u00ed que podemos ayudarle con cada pieza.<br>\u00a0<br><strong>Presentaciones principales<\/strong><br>\u00bfNecesita inspirar a su organizaci\u00f3n? \u00bfAbrirles los ojos? \u00bfFormarles? Hemos formado e inspirado con \u00e9xito a m\u00faltiples organizaciones sobre el crecimiento, la importancia, el impacto y las posibilidades de los mercados b2c y b2b.<br>\u00a0<br><strong>Consultor\u00eda<\/strong><br>Necesita apoyo diario, debido a una falta (temporal) de recursos. \u00bfO ve que su equipo necesita apoyo adicional? Podemos ayudarle por horas. La petici\u00f3n m\u00e1s com\u00fan es apoyar a las organizaciones con la gesti\u00f3n de proveedores de Amazon, pero tambi\u00e9n se pueden dar otros programas 1P o apoyo 3P.<\/p>\n\n\n\n<p><\/p>","protected":false},"excerpt":{"rendered":"<p>ServicesWe operate on over 20 marketplaces as merchant of record, so we are a dealer on behalf of our customers. For this reason, we have loads of practical knowledge, which we can offer you independently as a separate service, but also as a package.\u00a0The service range from Strategy to optimization and operations.\u00a0OptimisationTranslationsWe can offer translation [&hellip;]<\/p>\n","protected":false},"author":3,"featured_media":0,"parent":2591,"menu_order":0,"comment_status":"closed","ping_status":"closed","template":"","meta":{"content-type":"","footnotes":""},"class_list":["post-12486","page","type-page","status-publish","hentry"],"_links":{"self":[{"href":"https:\/\/www.tfe.agency\/es\/wp-json\/wp\/v2\/pages\/12486","targetHints":{"allow":["GET"]}}],"collection":[{"href":"https:\/\/www.tfe.agency\/es\/wp-json\/wp\/v2\/pages"}],"about":[{"href":"https:\/\/www.tfe.agency\/es\/wp-json\/wp\/v2\/types\/page"}],"author":[{"embeddable":true,"href":"https:\/\/www.tfe.agency\/es\/wp-json\/wp\/v2\/users\/3"}],"replies":[{"embeddable":true,"href":"https:\/\/www.tfe.agency\/es\/wp-json\/wp\/v2\/comments?post=12486"}],"version-history":[{"count":2,"href":"https:\/\/www.tfe.agency\/es\/wp-json\/wp\/v2\/pages\/12486\/revisions"}],"predecessor-version":[{"id":12488,"href":"https:\/\/www.tfe.agency\/es\/wp-json\/wp\/v2\/pages\/12486\/revisions\/12488"}],"up":[{"embeddable":true,"href":"https:\/\/www.tfe.agency\/es\/wp-json\/wp\/v2\/pages\/2591"}],"wp:attachment":[{"href":"https:\/\/www.tfe.agency\/es\/wp-json\/wp\/v2\/media?parent=12486"}],"curies":[{"name":"wp","href":"https:\/\/api.w.org\/{rel}","templated":true}]}}