{"id":7318,"date":"2022-03-17T11:06:17","date_gmt":"2022-03-17T11:06:17","guid":{"rendered":"https:\/\/www.tfe.agency\/?page_id=7318"},"modified":"2022-08-17T09:25:15","modified_gmt":"2022-08-17T09:25:15","slug":"showcases","status":"publish","type":"page","link":"https:\/\/www.tfe.agency\/de\/showcases\/","title":{"rendered":"Schauk\u00e4sten"},"content":{"rendered":"<div data-elementor-type=\"wp-page\" data-elementor-id=\"7318\" class=\"elementor elementor-7318\" data-elementor-post-type=\"page\">\n\t\t\t\t\t\t<section class=\"elementor-section elementor-top-section elementor-element elementor-element-35166e1 elementor-section-boxed elementor-section-height-default elementor-section-height-default\" data-id=\"35166e1\" data-element_type=\"section\" data-e-type=\"section\">\n\t\t\t\t\t\t<div class=\"elementor-container elementor-column-gap-default\">\n\t\t\t\t\t<div class=\"elementor-column elementor-col-33 elementor-top-column elementor-element elementor-element-1912828\" data-id=\"1912828\" data-element_type=\"column\" data-e-type=\"column\">\n\t\t\t<div class=\"elementor-widget-wrap elementor-element-populated\">\n\t\t\t\t\t\t<div class=\"elementor-element elementor-element-a027a46 elementor-position-top elementor-widget elementor-widget-image-box\" data-id=\"a027a46\" data-element_type=\"widget\" data-e-type=\"widget\" data-widget_type=\"image-box.default\">\n\t\t\t\t\t<div class=\"elementor-image-box-wrapper\"><figure class=\"elementor-image-box-img\"><img fetchpriority=\"high\" decoding=\"async\" width=\"1200\" height=\"1200\" src=\"https:\/\/www.tfe.agency\/wp-content\/uploads\/2022\/03\/Emma.jpg\" class=\"attachment-full size-full wp-image-7320\" alt=\"\" srcset=\"https:\/\/www.tfe.agency\/wp-content\/uploads\/2022\/03\/Emma.jpg 1200w, https:\/\/www.tfe.agency\/wp-content\/uploads\/2022\/03\/Emma-300x300.jpg 300w, https:\/\/www.tfe.agency\/wp-content\/uploads\/2022\/03\/Emma-1024x1024.jpg 1024w, https:\/\/www.tfe.agency\/wp-content\/uploads\/2022\/03\/Emma-150x150.jpg 150w, https:\/\/www.tfe.agency\/wp-content\/uploads\/2022\/03\/Emma-768x768.jpg 768w, https:\/\/www.tfe.agency\/wp-content\/uploads\/2022\/03\/Emma-700x700.jpg 700w, https:\/\/www.tfe.agency\/wp-content\/uploads\/2022\/03\/Emma-650x650.jpg 650w, https:\/\/www.tfe.agency\/wp-content\/uploads\/2022\/03\/Emma-82x82.jpg 82w, https:\/\/www.tfe.agency\/wp-content\/uploads\/2022\/03\/Emma-320x320.jpg 320w, https:\/\/www.tfe.agency\/wp-content\/uploads\/2022\/03\/Emma-760x760.jpg 760w\" sizes=\"(max-width: 1200px) 100vw, 1200px\" \/><\/figure><div class=\"elementor-image-box-content\"><h3 class=\"elementor-image-box-title\">Showcase:<\/h3><p class=\"elementor-image-box-description\"><p data-pm-slice=\"1 1 []\">TFE hat ihre Bol.com- und Amazon NL-Konten optimiert und unterst\u00fctzt sie bei ihrer Werbung auf beiden Plattformen.<\/p><\/p><\/div><\/div>\t\t\t\t<\/div>\n\t\t\t\t\t<\/div>\n\t\t<\/div>\n\t\t\t\t<div class=\"elementor-column elementor-col-33 elementor-top-column elementor-element elementor-element-2b6ce40\" data-id=\"2b6ce40\" data-element_type=\"column\" data-e-type=\"column\">\n\t\t\t<div class=\"elementor-widget-wrap elementor-element-populated\">\n\t\t\t\t\t\t<div class=\"elementor-element elementor-element-83816c7 elementor-position-top elementor-widget elementor-widget-image-box\" data-id=\"83816c7\" data-element_type=\"widget\" data-e-type=\"widget\" data-widget_type=\"image-box.default\">\n\t\t\t\t\t<div class=\"elementor-image-box-wrapper\"><figure class=\"elementor-image-box-img\"><img decoding=\"async\" width=\"1200\" height=\"1200\" src=\"data:image\/svg+xml;charset=utf-8,%3Csvg xmlns%3D&#039;http%3A%2F%2Fwww.w3.org%2F2000%2Fsvg&#039; viewBox%3D&#039;0 0 1200 1200&#039;%2F%3E\" class=\"attachment-full size-full wp-image-7321 ld-lazyload\" alt=\"\" data-src=\"https:\/\/www.tfe.agency\/wp-content\/uploads\/2022\/03\/Deli_home.jpg\" data-srcset=\"https:\/\/www.tfe.agency\/wp-content\/uploads\/2022\/03\/Deli_home.jpg 1200w, https:\/\/www.tfe.agency\/wp-content\/uploads\/2022\/03\/Deli_home-300x300.jpg 300w, https:\/\/www.tfe.agency\/wp-content\/uploads\/2022\/03\/Deli_home-1024x1024.jpg 1024w, https:\/\/www.tfe.agency\/wp-content\/uploads\/2022\/03\/Deli_home-150x150.jpg 150w, https:\/\/www.tfe.agency\/wp-content\/uploads\/2022\/03\/Deli_home-768x768.jpg 768w, https:\/\/www.tfe.agency\/wp-content\/uploads\/2022\/03\/Deli_home-700x700.jpg 700w, https:\/\/www.tfe.agency\/wp-content\/uploads\/2022\/03\/Deli_home-650x650.jpg 650w, https:\/\/www.tfe.agency\/wp-content\/uploads\/2022\/03\/Deli_home-82x82.jpg 82w, https:\/\/www.tfe.agency\/wp-content\/uploads\/2022\/03\/Deli_home-320x320.jpg 320w, https:\/\/www.tfe.agency\/wp-content\/uploads\/2022\/03\/Deli_home-760x760.jpg 760w\" data-sizes=\"(max-width: 1200px) 100vw, 1200px\" data-aspect=\"1\" \/><\/figure><div class=\"elementor-image-box-content\"><h3 class=\"elementor-image-box-title\">Showcase:<\/h3><p class=\"elementor-image-box-description\"><span style=\"color: var( --e-global-color-text );font-family: var( --e-global-typography-text-font-family ), Sans-serif\">Inhaltsoptimierung, Werbung, Organisation des Go-Live auf Bol waren die wichtigsten Elemente, mit denen wir unseren Kunden unterst\u00fctzt haben.<\/span><\/p><\/div><\/div>\t\t\t\t<\/div>\n\t\t\t\t\t<\/div>\n\t\t<\/div>\n\t\t\t\t<div class=\"elementor-column elementor-col-33 elementor-top-column elementor-element elementor-element-b14b250\" data-id=\"b14b250\" data-element_type=\"column\" data-e-type=\"column\">\n\t\t\t<div class=\"elementor-widget-wrap elementor-element-populated\">\n\t\t\t\t\t\t<div class=\"elementor-element elementor-element-3353ce6 elementor-position-top elementor-widget elementor-widget-image-box\" data-id=\"3353ce6\" data-element_type=\"widget\" data-e-type=\"widget\" data-widget_type=\"image-box.default\">\n\t\t\t\t\t<div class=\"elementor-image-box-wrapper\"><figure class=\"elementor-image-box-img\"><img decoding=\"async\" width=\"1200\" height=\"1200\" src=\"data:image\/svg+xml;charset=utf-8,%3Csvg xmlns%3D&#039;http%3A%2F%2Fwww.w3.org%2F2000%2Fsvg&#039; viewBox%3D&#039;0 0 1200 1200&#039;%2F%3E\" class=\"attachment-full size-full wp-image-7322 ld-lazyload\" alt=\"\" data-src=\"https:\/\/www.tfe.agency\/wp-content\/uploads\/2022\/03\/Staples.jpg\" data-srcset=\"https:\/\/www.tfe.agency\/wp-content\/uploads\/2022\/03\/Staples.jpg 1200w, https:\/\/www.tfe.agency\/wp-content\/uploads\/2022\/03\/Staples-300x300.jpg 300w, https:\/\/www.tfe.agency\/wp-content\/uploads\/2022\/03\/Staples-1024x1024.jpg 1024w, https:\/\/www.tfe.agency\/wp-content\/uploads\/2022\/03\/Staples-150x150.jpg 150w, https:\/\/www.tfe.agency\/wp-content\/uploads\/2022\/03\/Staples-768x768.jpg 768w, https:\/\/www.tfe.agency\/wp-content\/uploads\/2022\/03\/Staples-700x700.jpg 700w, https:\/\/www.tfe.agency\/wp-content\/uploads\/2022\/03\/Staples-650x650.jpg 650w, https:\/\/www.tfe.agency\/wp-content\/uploads\/2022\/03\/Staples-82x82.jpg 82w, https:\/\/www.tfe.agency\/wp-content\/uploads\/2022\/03\/Staples-320x320.jpg 320w, https:\/\/www.tfe.agency\/wp-content\/uploads\/2022\/03\/Staples-760x760.jpg 760w\" data-sizes=\"(max-width: 1200px) 100vw, 1200px\" data-aspect=\"1\" \/><\/figure><div class=\"elementor-image-box-content\"><h3 class=\"elementor-image-box-title\">Showcase:<\/h3><p class=\"elementor-image-box-description\"><span style=\"color: var( --e-global-color-text );font-family: var( --e-global-typography-text-font-family ), Sans-serif\">TFE war der bevorzugte Partner in den Benelux-L\u00e4ndern, um das gesamte Sortiment live zu pr\u00e4sentieren. Die Ergebnisse waren f\u00fcr beide Parteien gro\u00dfartig<\/span><\/p><\/div><\/div>\t\t\t\t<\/div>\n\t\t\t\t\t<\/div>\n\t\t<\/div>\n\t\t\t\t\t<\/div>\n\t\t<\/section>\n\t\t\t\t<\/div>","protected":false},"excerpt":{"rendered":"<p>Showcase: TFE has been optimizing their Bol.com and Amazon NL accounts and support them with their advertising on both platforms. Showcase: Content optimisation, advertising, organisation of the go live on Bol were the main elements we supported our customer with. Showcase: TFE has been the preferred partner in Benelux to bring their full assortment live. [&hellip;]<\/p>\n","protected":false},"author":3,"featured_media":0,"parent":0,"menu_order":0,"comment_status":"closed","ping_status":"closed","template":"","meta":{"content-type":"","footnotes":""},"class_list":["post-7318","page","type-page","status-publish","hentry"],"_links":{"self":[{"href":"https:\/\/www.tfe.agency\/de\/wp-json\/wp\/v2\/pages\/7318","targetHints":{"allow":["GET"]}}],"collection":[{"href":"https:\/\/www.tfe.agency\/de\/wp-json\/wp\/v2\/pages"}],"about":[{"href":"https:\/\/www.tfe.agency\/de\/wp-json\/wp\/v2\/types\/page"}],"author":[{"embeddable":true,"href":"https:\/\/www.tfe.agency\/de\/wp-json\/wp\/v2\/users\/3"}],"replies":[{"embeddable":true,"href":"https:\/\/www.tfe.agency\/de\/wp-json\/wp\/v2\/comments?post=7318"}],"version-history":[{"count":26,"href":"https:\/\/www.tfe.agency\/de\/wp-json\/wp\/v2\/pages\/7318\/revisions"}],"predecessor-version":[{"id":11345,"href":"https:\/\/www.tfe.agency\/de\/wp-json\/wp\/v2\/pages\/7318\/revisions\/11345"}],"wp:attachment":[{"href":"https:\/\/www.tfe.agency\/de\/wp-json\/wp\/v2\/media?parent=7318"}],"curies":[{"name":"wp","href":"https:\/\/api.w.org\/{rel}","templated":true}]}}