{"id":3,"date":"2019-11-19T16:03:38","date_gmt":"2019-11-19T16:03:38","guid":{"rendered":"https:\/\/stal.qodeinteractive.com\/?page_id=3"},"modified":"2025-05-14T18:48:56","modified_gmt":"2025-05-14T18:48:56","slug":"privacy-policy","status":"publish","type":"page","link":"https:\/\/www.tfe.agency\/de\/privacy-policy\/","title":{"rendered":"Datenschutzbestimmungen"},"content":{"rendered":"<div data-elementor-type=\"wp-page\" data-elementor-id=\"3\" class=\"elementor elementor-3\" data-elementor-post-type=\"page\">\n\t\t\t\t\t\t<section class=\"elementor-section elementor-top-section elementor-element elementor-element-54837e07 elementor-section-boxed elementor-section-height-default elementor-section-height-default\" data-id=\"54837e07\" data-element_type=\"section\" data-e-type=\"section\">\n\t\t\t\t\t\t<div class=\"elementor-container elementor-column-gap-default\">\n\t\t\t\t\t<div class=\"elementor-column elementor-col-100 elementor-top-column elementor-element elementor-element-7916707e\" data-id=\"7916707e\" data-element_type=\"column\" data-e-type=\"column\">\n\t\t\t<div class=\"elementor-widget-wrap elementor-element-populated\">\n\t\t\t\t\t\t<div class=\"elementor-element elementor-element-6ea4f4c2 elementor-widget__width-initial elementor-widget elementor-widget-text-editor\" data-id=\"6ea4f4c2\" data-element_type=\"widget\" data-e-type=\"widget\" data-widget_type=\"text-editor.default\">\n\t\t\t\t\t\t\t\t\t<p><b style=\"color: #000000; font-family: 'IBM Plex Sans', sans-serif; font-size: 26px; letter-spacing: 0px;\">1. Wer wir sind<\/b><\/p>\n<p><b>Datenverantwortlicher:<br \/><br \/><\/b>Postanschrift: Sluitappel 67, 5491 TS Sint-Oedenrode<span dir=\"ltr\" data-sk=\"tooltip_parent\">\u00a0<\/span><\/p>\n<p>E-Mail: support@tfe.agency<\/p>\n<p>Telefon: +31 (0)85-4000048<\/p>\n<p>Website: <a href=\"https:\/\/www.tfe.agency\/de\/\">https:\/\/www.tfe.agency<\/a><\/p>\n<hr \/>\n<h3><b>2. Welche Daten wir sammeln<\/b><\/h3>\n<p>Wir sammeln die folgenden Kategorien von Daten:<\/p>\n<ul>\n<li>\n<p><b>Kontakt Details<\/b>: Name, E-Mail, Telefonnummer, Firmenname<\/p>\n<\/li>\n<li>\n<p><b>Website-Nutzungsdaten<\/b>: IP-Adresse, Browser-Typ, Ger\u00e4teinformationen, besuchte Seiten<\/p>\n<\/li>\n<li>\n<p><b>Marketing-Pr\u00e4ferenzen<\/b>: Ihre Auswahlm\u00f6glichkeiten f\u00fcr den Erhalt von Mitteilungen von uns<\/p>\n<\/li>\n<li>\n<p><b>Kommunikation Aufzeichnungen<\/b>: E-Mails, Kontaktformulare, Besprechungsnotizen<\/p>\n<\/li>\n<\/ul>\n<hr \/>\n<h3><b>3. Wie wir Ihre Daten sammeln<\/b><\/h3>\n<p>Wir sammeln Daten auf die folgende Weise:<\/p>\n<ul>\n<li>\n<p>Direkt von Ihnen \u00fcber Kontaktformulare, E-Mail oder Anrufe<\/p>\n<\/li>\n<li>\n<p>Automatisch durch Cookies und Analysetools<\/p>\n<\/li>\n<li>\n<p>\u00dcber Tools von Drittanbietern wie HubSpot, Google Analytics oder LinkedIn, wenn Sie mit unseren Marketingkampagnen interagieren<\/p>\n<\/li>\n<\/ul>\n<hr \/>\n<h3><b>4. Rechtsgrundlagen f\u00fcr die Verarbeitung<\/b><\/h3>\n<p>Gem\u00e4\u00df der GDPR st\u00fctzen wir uns auf die folgenden Rechtsgrundlagen:<\/p>\n<ul>\n<li>\n<p><b>Einverst\u00e4ndnis<\/b> - f\u00fcr E-Mail-Marketing oder nicht-essentielle Cookies<\/p>\n<\/li>\n<li>\n<p><b>Vertrag<\/b> - wenn die Verarbeitung f\u00fcr die Erbringung einer Dienstleistung oder die Erf\u00fcllung einer Anfrage erforderlich ist<\/p>\n<\/li>\n<li>\n<p><b>Gesetzliche Verpflichtung<\/b> - um die geltenden Gesetze einzuhalten<\/p>\n<\/li>\n<li>\n<p><b>Legitimierte Interessen<\/b> - f\u00fcr Analysen, Sicherheit und interne Berichte (unter Ber\u00fccksichtigung Ihrer Rechte)<\/p>\n<\/li>\n<\/ul>\n<hr \/>\n<h3><b>5. Warum wir Ihre Daten verwenden<\/b><\/h3>\n<p>Wir verwenden Ihre Daten, um:<\/p>\n<ul>\n<li>\n<p>Reagieren Sie auf Ihre Anfragen<\/p>\n<\/li>\n<li>\n<p>Bereitstellung und Verbesserung unserer Dienstleistungen<\/p>\n<\/li>\n<li>\n<p>Passen Sie Ihre Erfahrung auf unserer Website an<\/p>\n<\/li>\n<li>\n<p>Versenden von Marketingmitteilungen (mit Ihrer Zustimmung)<\/p>\n<\/li>\n<li>\n<p>Analysieren Sie die Nutzung der Website und den Datenverkehr<\/p>\n<\/li>\n<li>\n<p>Sicherheit gew\u00e4hrleisten und Betrug verhindern<\/p>\n<\/li>\n<\/ul>\n<hr \/>\n<h3><b>6. Cookies und Tracking<\/b><\/h3>\n<p>Unsere Website verwendet Cookies, um Standard-Internetprotokolldaten und das Besucherverhalten zu erfassen. Sie k\u00f6nnen Ihre Cookie-Pr\u00e4ferenzen \u00fcber unser Cookie-Banner oder Ihre Browser-Einstellung verwalten<a href=\"https:\/\/www.tfe.agency\/de\/cookie-policy-eu\/\">s.<\/a><\/p>\n<p><a href=\"https:\/\/www.tfe.agency\/de\/cookie-policy-eu\/\">Link zu unserer Cookie-Richtlinie<\/a><\/p>\n<hr \/>\n<h3><b>7. Gemeinsame Nutzung von Daten<\/b><\/h3>\n<p>Wir verkaufen Ihre Daten nicht. Wir k\u00f6nnen sie weitergeben an:<\/p>\n<ul>\n<li>\n<p>Dienstleister (z.B. CRM, Analytik, Hosting)<\/p>\n<\/li>\n<li>\n<p>Gesetzliche oder beh\u00f6rdliche Stellen, falls erforderlich<\/p>\n<\/li>\n<li>\n<p>Gesch\u00e4ftspartner, wenn dies f\u00fcr Ihre Anfragen relevant ist<\/p>\n<\/li>\n<\/ul>\n<p>Alle Partner sind an Datenschutzvereinbarungen gebunden.<\/p>\n<hr \/>\n<h3><b>8. Internationale \u00dcberweisungen<\/b><\/h3>\n<p>Wenn wir Ihre Daten au\u00dferhalb des EWR \u00fcbertragen, sorgen wir f\u00fcr angemessene Sicherheitsvorkehrungen wie z.B.:<\/p>\n<ul>\n<li>\n<p>Von der EU-Kommission genehmigte Standardvertragsklauseln (SCCs)<\/p>\n<\/li>\n<li>\n<p>Transfers in L\u00e4nder, die einen angemessenen Schutz bieten<\/p>\n<\/li>\n<\/ul>\n<hr \/>\n<h3><b>9. Wie lange wir Ihre Daten aufbewahren<\/b><\/h3>\n<p>Wir bewahren personenbezogene Daten nur so lange auf, wie es f\u00fcr die angegebenen Zwecke erforderlich ist oder wie es gesetzlich vorgeschrieben ist (z.B. f\u00fcr steuerliche oder buchhalterische Verpflichtungen). Bei Marketingdaten bewahren wir die Informationen auf, bis Sie sich abmelden oder um L\u00f6schung bitten.<\/p>\n<hr \/>\n<h3><b>10. Ihre Rechte (EU\/EWR)<\/b><\/h3>\n<p>Sie haben das Recht dazu:<\/p>\n<ul>\n<li>\n<p>Zugriff auf Ihre pers\u00f6nlichen Daten<\/p>\n<\/li>\n<li>\n<p>Ungenauigkeiten berichtigen<\/p>\n<\/li>\n<li>\n<p>Antrag auf L\u00f6schung (\"Recht auf Vergessenwerden\")<\/p>\n<\/li>\n<li>\n<p>Verarbeitung einschr\u00e4nken oder widersprechen<\/p>\n<\/li>\n<li>\n<p>\u00dcbertragbarkeit von Daten<\/p>\n<\/li>\n<li>\n<p>Einwilligung jederzeit widerrufen<\/p>\n<\/li>\n<li>\n<p>Reichen Sie eine Beschwerde bei Ihrer \u00f6rtlichen Datenschutzbeh\u00f6rde ein<\/p>\n<\/li>\n<\/ul>\n<p>Um eines dieser Rechte auszu\u00fcben, senden Sie eine E-Mail an: support@tfe.agency<\/p>\n<hr \/>\n<h3><b>11. Datensicherheit<\/b><\/h3>\n<p>Wir verwenden branchen\u00fcbliche Ma\u00dfnahmen zum Schutz Ihrer Daten, einschlie\u00dflich Verschl\u00fcsselung, Zugriffskontrollen und regelm\u00e4\u00dfiger Audits. Allerdings ist kein System 100% sicher.<\/p>\n<hr \/>\n<h3><b>12. \u00c4nderungen an dieser Richtlinie<\/b><\/h3>\n<p>Wir k\u00f6nnen diese Richtlinie von Zeit zu Zeit aktualisieren. \u00c4nderungen werden auf dieser Seite mit einem aktualisierten G\u00fcltigkeitsdatum ver\u00f6ffentlicht. Bitte \u00fcberpr\u00fcfen Sie sie regelm\u00e4\u00dfig.<\/p>\n<hr \/>\n<h3><b>13. Kontakt<\/b><\/h3>\n<p>Wenn Sie Fragen zu dieser Datenschutzrichtlinie, Ihren Daten oder Ihren Rechten haben, wenden Sie sich bitte an:<\/p>\n<p><b>Datenschutzbeauftragter<\/b><\/p>\n<p>E-Mail: support@tfe.agency<\/p>\n<p>Website: <a href=\"https:\/\/www.tfe.agency\/de\/\">https:\/\/www.tfe.agency<\/a><\/p>\n<p><!-- \/wp:heading --><\/p>\t\t\t\t\t\t\t\t<\/div>\n\t\t\t\t\t<\/div>\n\t\t<\/div>\n\t\t\t\t\t<\/div>\n\t\t<\/section>\n\t\t\t\t<\/div>","protected":false},"excerpt":{"rendered":"<p>1. Who We Are Data Controller: Postal Address: Sluitappel 67, 5491 TS Sint-Oedenrode\u00a0 Email: support@tfe.agency Phone: +31 (0)85-4000048 Website: https:\/\/www.tfe.agency 2. What Data We Collect We collect the following categories of data: Contact Details: Name, email, phone number, company name Website Usage Data: IP address, browser type, device information, pages visited Marketing Preferences: Your choices [&hellip;]<\/p>\n","protected":false},"author":3,"featured_media":0,"parent":0,"menu_order":0,"comment_status":"closed","ping_status":"closed","template":"elementor_theme","meta":{"content-type":"","footnotes":""},"class_list":["post-3","page","type-page","status-publish","hentry"],"_links":{"self":[{"href":"https:\/\/www.tfe.agency\/de\/wp-json\/wp\/v2\/pages\/3","targetHints":{"allow":["GET"]}}],"collection":[{"href":"https:\/\/www.tfe.agency\/de\/wp-json\/wp\/v2\/pages"}],"about":[{"href":"https:\/\/www.tfe.agency\/de\/wp-json\/wp\/v2\/types\/page"}],"author":[{"embeddable":true,"href":"https:\/\/www.tfe.agency\/de\/wp-json\/wp\/v2\/users\/3"}],"replies":[{"embeddable":true,"href":"https:\/\/www.tfe.agency\/de\/wp-json\/wp\/v2\/comments?post=3"}],"version-history":[{"count":7,"href":"https:\/\/www.tfe.agency\/de\/wp-json\/wp\/v2\/pages\/3\/revisions"}],"predecessor-version":[{"id":47626,"href":"https:\/\/www.tfe.agency\/de\/wp-json\/wp\/v2\/pages\/3\/revisions\/47626"}],"wp:attachment":[{"href":"https:\/\/www.tfe.agency\/de\/wp-json\/wp\/v2\/media?parent=3"}],"curies":[{"name":"wp","href":"https:\/\/api.w.org\/{rel}","templated":true}]}}