{"id":11243,"date":"2022-06-16T12:28:21","date_gmt":"2022-06-16T12:28:21","guid":{"rendered":"https:\/\/www.tfe.agency\/?page_id=11243"},"modified":"2022-06-23T09:23:26","modified_gmt":"2022-06-23T09:23:26","slug":"olivier-poinsot","status":"publish","type":"page","link":"https:\/\/www.tfe.agency\/de\/olivier-poinsot\/","title":{"rendered":"Olivier Poinsot"},"content":{"rendered":"<div data-elementor-type=\"wp-page\" data-elementor-id=\"11243\" class=\"elementor elementor-11243\" data-elementor-post-type=\"page\">\n\t\t\t\t\t\t<section class=\"elementor-section elementor-top-section elementor-element elementor-element-f1a2607 elementor-reverse-mobile elementor-section-boxed elementor-section-height-default elementor-section-height-default\" data-id=\"f1a2607\" data-element_type=\"section\" data-e-type=\"section\">\n\t\t\t\t\t\t<div class=\"elementor-container elementor-column-gap-default\">\n\t\t\t\t\t<div class=\"lqd-css-sticky-column elementor-column elementor-col-50 elementor-top-column elementor-element elementor-element-3df3344\" style=\"--lqd-sticky-offset:0px\" data-id=\"3df3344\" data-element_type=\"column\" data-e-type=\"column\">\n\t\t\t<div class=\"elementor-widget-wrap elementor-element-populated\">\n\t\t\t\t\t\t<section class=\"lqd-css-sticky elementor-section elementor-inner-section elementor-element elementor-element-629cf38 elementor-section-boxed elementor-section-height-default elementor-section-height-default\" style=\"top: auto; top: 0px;\" data-id=\"629cf38\" data-element_type=\"section\" data-e-type=\"section\">\n\t\t\t\t\t\t<div class=\"elementor-container elementor-column-gap-default\">\n\t\t\t\t\t<div class=\"elementor-column elementor-col-100 elementor-inner-column elementor-element elementor-element-77329f73\" data-id=\"77329f73\" data-element_type=\"column\" data-e-type=\"column\" data-settings=\"{&quot;background_background&quot;:&quot;classic&quot;}\">\n\t\t\t<div class=\"elementor-widget-wrap elementor-element-populated\">\n\t\t\t\t\t\t<div class=\"elementor-element elementor-element-4b37285f elementor-widget elementor-widget-ld_fancy_image\" data-id=\"4b37285f\" data-element_type=\"widget\" data-e-type=\"widget\" data-widget_type=\"ld_fancy_image.default\">\n\t\t\t\t<div class=\"elementor-widget-container\">\n\t\t\t\t\t\n\t\t<div class=\"lqd-imggrp-single d-block pos-rel\">\n\t\t\t<div class=\"lqd-imggrp-img-container d-inline-flex pos-rel align-items-center justify-content-center\">\n\t\t\t\t\t\t\t\t<figure class=\"w-100 pos-rel\">\n\t\t\t\t\t<img fetchpriority=\"high\" decoding=\"async\" width=\"500\" height=\"500\" src=\"https:\/\/www.tfe.agency\/wp-content\/uploads\/2021\/03\/tfe_olivier.jpg\" class=\"attachment-full size-full wp-image-6134\" alt=\"\" srcset=\"https:\/\/www.tfe.agency\/wp-content\/uploads\/2021\/03\/tfe_olivier.jpg 500w, https:\/\/www.tfe.agency\/wp-content\/uploads\/2021\/03\/tfe_olivier-300x300.jpg 300w, https:\/\/www.tfe.agency\/wp-content\/uploads\/2021\/03\/tfe_olivier-150x150.jpg 150w, https:\/\/www.tfe.agency\/wp-content\/uploads\/2021\/03\/tfe_olivier-82x82.jpg 82w, https:\/\/www.tfe.agency\/wp-content\/uploads\/2021\/03\/tfe_olivier-320x320.jpg 320w, https:\/\/www.tfe.agency\/wp-content\/uploads\/2021\/03\/tfe_olivier-12x12.jpg 12w\" sizes=\"(max-width: 500px) 100vw, 500px\" itemprop=\"image\" \/>\t\t\t\t\t\t\t\t\t\t\t\t\t\t\t\t\t\t\t\t\t\t\t\t\t\t\t\t\t<\/figure>\n\t\t\t<\/div>\n\t\t<\/div>\n\n\t\t\t\t\t<\/div>\n\t\t\t\t<\/div>\n\t\t\t\t<div class=\"elementor-element elementor-element-6c8b50b6 elementor-widget elementor-widget-hub_fancy_heading\" data-id=\"6c8b50b6\" data-element_type=\"widget\" data-e-type=\"widget\" data-widget_type=\"hub_fancy_heading.default\">\n\t\t\t\t<div class=\"elementor-widget-container\">\n\t\t\t\t\t\n\t\t<div id=\"ld-fancy-heading-69e01a515475f\" class=\"ld-fancy-heading pos-rel\">\n\t\t\t<h3 class=\"ld-fh-element d-inline-block pos-rel  elementor-heading-title lqd-highlight-classic lqd-highlight-grow-left h3\"  > <br>Informationen \u00fcber Olivier<\/h3>\t\t<\/div>\n\n\t\t\t\t\t\t<\/div>\n\t\t\t\t<\/div>\n\t\t\t\t<div class=\"elementor-element elementor-element-ee1cd61 elementor-widget elementor-widget-text-editor\" data-id=\"ee1cd61\" data-element_type=\"widget\" data-e-type=\"widget\" data-widget_type=\"text-editor.default\">\n\t\t\t\t\t\t\t\t\t<p>- olivier@tfe.agency<br \/>&#8211; + 33 6 20 62 69 75<br \/>&#8211; <a href=\"https:\/\/www.linkedin.com\/in\/olivierpoinsot\/\" target=\"_blank\" rel=\"noopener\">Auf LinkedIn verbinden<\/a><\/p>\t\t\t\t\t\t\t\t<\/div>\n\t\t\t\t\t<\/div>\n\t\t<\/div>\n\t\t\t\t\t<\/div>\n\t\t<\/section>\n\t\t\t\t\t<\/div>\n\t\t<\/div>\n\t\t\t\t<div class=\"elementor-column elementor-col-50 elementor-top-column elementor-element elementor-element-2c6cf431\" data-id=\"2c6cf431\" data-element_type=\"column\" data-e-type=\"column\">\n\t\t\t<div class=\"elementor-widget-wrap elementor-element-populated\">\n\t\t\t\t\t\t<div class=\"elementor-element elementor-element-62ec3dba elementor-widget elementor-widget-hub_fancy_heading\" data-id=\"62ec3dba\" data-element_type=\"widget\" data-e-type=\"widget\" data-widget_type=\"hub_fancy_heading.default\">\n\t\t\t\t<div class=\"elementor-widget-container\">\n\t\t\t\t\t\n\t\t<div id=\"ld-fancy-heading-69e01a5157eb1\" class=\"ld-fancy-heading pos-rel\">\n\t\t\t<h3 class=\"ld-fh-element d-inline-block pos-rel  elementor-heading-title lqd-highlight-classic lqd-highlight-grow-left h3\"  > Olivier Poinsot<\/h3>\t\t<\/div>\n\n\t\t\t\t\t\t<\/div>\n\t\t\t\t<\/div>\n\t\t\t\t<div class=\"elementor-element elementor-element-209ffafa elementor-widget elementor-widget-hub_fancy_heading\" data-id=\"209ffafa\" data-element_type=\"widget\" data-e-type=\"widget\" data-widget_type=\"hub_fancy_heading.default\">\n\t\t\t\t<div class=\"elementor-widget-container\">\n\t\t\t\t\t\n\t\t<div id=\"ld-fancy-heading-69e01a5158814\" class=\"ld-fancy-heading pos-rel\">\n\t\t\t<p class=\"ld-fh-element d-inline-block pos-rel  lqd-highlight-classic lqd-highlight-grow-left p\"  > <strong> Rolle und Fachwissen: <\/strong>\n <br>\nGesch\u00e4ftsf\u00fchrender Partner Frankreich <br>SKEMA Business School <br>Kompetenz auf franz\u00f6sischen Marktpl\u00e4tzen  <br> <br>\n\n<strong> \u00dcber <\/strong>\n<br>Langj\u00e4hriger Berater in den Bereichen Innovation, Projektmanagement und Gesch\u00e4ftsmodellierung, vor allem f\u00fcr franz\u00f6sische Unternehmen in den Bereichen Finanzdienstleistungen, Einzelhandel und B2B-Handel. \u00dcber 5 Jahre als unabh\u00e4ngiger Berater t\u00e4tig und seit kurzem auch als Mitbegr\u00fcnder und gesch\u00e4ftsf\u00fchrender Gesellschafter von TFE France.<\/p>\t\t<\/div>\n\n\t\t\t\t\t\t<\/div>\n\t\t\t\t<\/div>\n\t\t\t\t<div class=\"elementor-element elementor-element-4f3c9e2f elementor-widget elementor-widget-hub_fancy_heading\" data-id=\"4f3c9e2f\" data-element_type=\"widget\" data-e-type=\"widget\" data-widget_type=\"hub_fancy_heading.default\">\n\t\t\t\t<div class=\"elementor-widget-container\">\n\t\t\t\t\t\n\t\t<div id=\"ld-fancy-heading-69e01a5159266\" class=\"ld-fancy-heading pos-rel\">\n\t\t\t\t\t<\/div>\n\n\t\t\t\t\t\t<\/div>\n\t\t\t\t<\/div>\n\t\t\t\t\t<\/div>\n\t\t<\/div>\n\t\t\t\t\t<\/div>\n\t\t<\/section>\n\t\t\t\t<\/div>","protected":false},"excerpt":{"rendered":"<p>Information about Olivier &#8211; olivier@tfe.agency &#8211; + 33 6 20 62 69 75 &#8211; Connect on LinkedIn Olivier Poinsot Role and expertise: Managing Partner France SKEMA business school Expertise at French Marketplaces About A long-term consultant in innovation, project management and business modelling, mainly with French companies in financial services, retail and b2b trade. Over [&hellip;]<\/p>\n","protected":false},"author":3,"featured_media":0,"parent":0,"menu_order":0,"comment_status":"closed","ping_status":"closed","template":"","meta":{"content-type":"","footnotes":""},"class_list":["post-11243","page","type-page","status-publish","hentry"],"_links":{"self":[{"href":"https:\/\/www.tfe.agency\/de\/wp-json\/wp\/v2\/pages\/11243","targetHints":{"allow":["GET"]}}],"collection":[{"href":"https:\/\/www.tfe.agency\/de\/wp-json\/wp\/v2\/pages"}],"about":[{"href":"https:\/\/www.tfe.agency\/de\/wp-json\/wp\/v2\/types\/page"}],"author":[{"embeddable":true,"href":"https:\/\/www.tfe.agency\/de\/wp-json\/wp\/v2\/users\/3"}],"replies":[{"embeddable":true,"href":"https:\/\/www.tfe.agency\/de\/wp-json\/wp\/v2\/comments?post=11243"}],"version-history":[{"count":10,"href":"https:\/\/www.tfe.agency\/de\/wp-json\/wp\/v2\/pages\/11243\/revisions"}],"predecessor-version":[{"id":11254,"href":"https:\/\/www.tfe.agency\/de\/wp-json\/wp\/v2\/pages\/11243\/revisions\/11254"}],"wp:attachment":[{"href":"https:\/\/www.tfe.agency\/de\/wp-json\/wp\/v2\/media?parent=11243"}],"curies":[{"name":"wp","href":"https:\/\/api.w.org\/{rel}","templated":true}]}}