{"id":11235,"date":"2022-06-16T12:19:23","date_gmt":"2022-06-16T12:19:23","guid":{"rendered":"https:\/\/www.tfe.agency\/?page_id=11235"},"modified":"2022-06-16T12:23:13","modified_gmt":"2022-06-16T12:23:13","slug":"john-watson","status":"publish","type":"page","link":"https:\/\/www.tfe.agency\/de\/john-watson\/","title":{"rendered":"John Watson"},"content":{"rendered":"<div data-elementor-type=\"wp-page\" data-elementor-id=\"11235\" class=\"elementor elementor-11235\" data-elementor-post-type=\"page\">\n\t\t\t\t\t\t<section class=\"elementor-section elementor-top-section elementor-element elementor-element-f1a2607 elementor-reverse-mobile elementor-section-boxed elementor-section-height-default elementor-section-height-default\" data-id=\"f1a2607\" data-element_type=\"section\" data-e-type=\"section\">\n\t\t\t\t\t\t<div class=\"elementor-container elementor-column-gap-default\">\n\t\t\t\t\t<div class=\"lqd-css-sticky-column elementor-column elementor-col-50 elementor-top-column elementor-element elementor-element-3df3344\" style=\"--lqd-sticky-offset:0px\" data-id=\"3df3344\" data-element_type=\"column\" data-e-type=\"column\">\n\t\t\t<div class=\"elementor-widget-wrap elementor-element-populated\">\n\t\t\t\t\t\t<section class=\"lqd-css-sticky elementor-section elementor-inner-section elementor-element elementor-element-629cf38 elementor-section-boxed elementor-section-height-default elementor-section-height-default\" style=\"top: auto; top: 0px;\" data-id=\"629cf38\" data-element_type=\"section\" data-e-type=\"section\">\n\t\t\t\t\t\t<div class=\"elementor-container elementor-column-gap-default\">\n\t\t\t\t\t<div class=\"elementor-column elementor-col-100 elementor-inner-column elementor-element elementor-element-77329f73\" data-id=\"77329f73\" data-element_type=\"column\" data-e-type=\"column\" data-settings=\"{&quot;background_background&quot;:&quot;classic&quot;}\">\n\t\t\t<div class=\"elementor-widget-wrap elementor-element-populated\">\n\t\t\t\t\t\t<div class=\"elementor-element elementor-element-4b37285f elementor-widget elementor-widget-ld_fancy_image\" data-id=\"4b37285f\" data-element_type=\"widget\" data-e-type=\"widget\" data-widget_type=\"ld_fancy_image.default\">\n\t\t\t\t<div class=\"elementor-widget-container\">\n\t\t\t\t\t\n\t\t<div class=\"lqd-imggrp-single d-block pos-rel\">\n\t\t\t<div class=\"lqd-imggrp-img-container d-inline-flex pos-rel align-items-center justify-content-center\">\n\t\t\t\t\t\t\t\t<figure class=\"w-100 pos-rel\">\n\t\t\t\t\t<img fetchpriority=\"high\" decoding=\"async\" width=\"500\" height=\"500\" src=\"https:\/\/www.tfe.agency\/wp-content\/uploads\/2021\/03\/tfe_john.jpg\" class=\"attachment-full size-full wp-image-6140\" alt=\"\" srcset=\"https:\/\/www.tfe.agency\/wp-content\/uploads\/2021\/03\/tfe_john.jpg 500w, https:\/\/www.tfe.agency\/wp-content\/uploads\/2021\/03\/tfe_john-300x300.jpg 300w, https:\/\/www.tfe.agency\/wp-content\/uploads\/2021\/03\/tfe_john-150x150.jpg 150w, https:\/\/www.tfe.agency\/wp-content\/uploads\/2021\/03\/tfe_john-82x82.jpg 82w, https:\/\/www.tfe.agency\/wp-content\/uploads\/2021\/03\/tfe_john-320x320.jpg 320w, https:\/\/www.tfe.agency\/wp-content\/uploads\/2021\/03\/tfe_john-12x12.jpg 12w\" sizes=\"(max-width: 500px) 100vw, 500px\" itemprop=\"image\" \/>\t\t\t\t\t\t\t\t\t\t\t\t\t\t\t\t\t\t\t\t\t\t\t\t\t\t\t\t\t<\/figure>\n\t\t\t<\/div>\n\t\t<\/div>\n\n\t\t\t\t\t<\/div>\n\t\t\t\t<\/div>\n\t\t\t\t<div class=\"elementor-element elementor-element-6c8b50b6 elementor-widget elementor-widget-hub_fancy_heading\" data-id=\"6c8b50b6\" data-element_type=\"widget\" data-e-type=\"widget\" data-widget_type=\"hub_fancy_heading.default\">\n\t\t\t\t<div class=\"elementor-widget-container\">\n\t\t\t\t\t\n\t\t<div id=\"ld-fancy-heading-69de9a6043cf9\" class=\"ld-fancy-heading pos-rel\">\n\t\t\t<h3 class=\"ld-fh-element d-inline-block pos-rel  elementor-heading-title lqd-highlight-classic lqd-highlight-grow-left h3\"  > <br>Informationen \u00fcber John<\/h3>\t\t<\/div>\n\n\t\t\t\t\t\t<\/div>\n\t\t\t\t<\/div>\n\t\t\t\t<div class=\"elementor-element elementor-element-ee1cd61 elementor-widget elementor-widget-text-editor\" data-id=\"ee1cd61\" data-element_type=\"widget\" data-e-type=\"widget\" data-widget_type=\"text-editor.default\">\n\t\t\t\t\t\t\t\t\t<p>- John@tfe.agency<br \/>&#8211; +44 7407 293727<br \/>&#8211; <a href=\"https:\/\/www.linkedin.com\/in\/watsonjohn\/\" target=\"_blank\" rel=\"noopener\">Auf LinkedIn verbinden<\/a><\/p>\t\t\t\t\t\t\t\t<\/div>\n\t\t\t\t\t<\/div>\n\t\t<\/div>\n\t\t\t\t\t<\/div>\n\t\t<\/section>\n\t\t\t\t\t<\/div>\n\t\t<\/div>\n\t\t\t\t<div class=\"elementor-column elementor-col-50 elementor-top-column elementor-element elementor-element-2c6cf431\" data-id=\"2c6cf431\" data-element_type=\"column\" data-e-type=\"column\">\n\t\t\t<div class=\"elementor-widget-wrap elementor-element-populated\">\n\t\t\t\t\t\t<div class=\"elementor-element elementor-element-62ec3dba elementor-widget elementor-widget-hub_fancy_heading\" data-id=\"62ec3dba\" data-element_type=\"widget\" data-e-type=\"widget\" data-widget_type=\"hub_fancy_heading.default\">\n\t\t\t\t<div class=\"elementor-widget-container\">\n\t\t\t\t\t\n\t\t<div id=\"ld-fancy-heading-69de9a6046034\" class=\"ld-fancy-heading pos-rel\">\n\t\t\t<h3 class=\"ld-fh-element d-inline-block pos-rel  elementor-heading-title lqd-highlight-classic lqd-highlight-grow-left h3\"  > John Watson<\/h3>\t\t<\/div>\n\n\t\t\t\t\t\t<\/div>\n\t\t\t\t<\/div>\n\t\t\t\t<div class=\"elementor-element elementor-element-209ffafa elementor-widget elementor-widget-hub_fancy_heading\" data-id=\"209ffafa\" data-element_type=\"widget\" data-e-type=\"widget\" data-widget_type=\"hub_fancy_heading.default\">\n\t\t\t\t<div class=\"elementor-widget-container\">\n\t\t\t\t\t\n\t\t<div id=\"ld-fancy-heading-69de9a6046754\" class=\"ld-fancy-heading pos-rel\">\n\t\t\t<p class=\"ld-fh-element d-inline-block pos-rel  lqd-highlight-classic lqd-highlight-grow-left p\"  > <strong> Rolle und Fachwissen: <\/strong>\n <br>\nGesch\u00e4ftsf\u00fchrender Partner UK <br> Marketing-Ingenieur<br>Kompetenz in der Verwaltung von Marktpl\u00e4tzen  <br> <br>\n\n<strong> \u00dcber <\/strong>\n<br>John hat mehr als 20 Jahre Erfahrung im Bereich Marketing und Einkauf bei Lyreco. Nachdem er seine Rolle als Global Marketing Director aufgegeben hatte, ist er seit einigen Jahren als unabh\u00e4ngiger Berater t\u00e4tig und hat sich in letzter Zeit als Investor und Mitbegr\u00fcnder an mehreren Start-ups beteiligt. Eines davon ist TFE UK, wo John f\u00fcr die lokalen Kontakte zu Kunden, Marktpl\u00e4tzen und anderen Partnern verantwortlich ist.<\/p>\t\t<\/div>\n\n\t\t\t\t\t\t<\/div>\n\t\t\t\t<\/div>\n\t\t\t\t<div class=\"elementor-element elementor-element-4f3c9e2f elementor-widget elementor-widget-hub_fancy_heading\" data-id=\"4f3c9e2f\" data-element_type=\"widget\" data-e-type=\"widget\" data-widget_type=\"hub_fancy_heading.default\">\n\t\t\t\t<div class=\"elementor-widget-container\">\n\t\t\t\t\t\n\t\t<div id=\"ld-fancy-heading-69de9a6046eb3\" class=\"ld-fancy-heading pos-rel\">\n\t\t\t\t\t<\/div>\n\n\t\t\t\t\t\t<\/div>\n\t\t\t\t<\/div>\n\t\t\t\t\t<\/div>\n\t\t<\/div>\n\t\t\t\t\t<\/div>\n\t\t<\/section>\n\t\t\t\t<\/div>","protected":false},"excerpt":{"rendered":"<p>Information about John &#8211; John@tfe.agency&#8211; +44 7407 293727&#8211; Connect on LinkedIn John Watson Role and expertise: Managing Partner UK Marketing engineerExpertise at Marketplaces management About John has more than 20 years\u2019 experience in marketing and purchasing with Lyreco. Having left his role as Global Marketing Director he has since has several years of independent consultancy [&hellip;]<\/p>\n","protected":false},"author":3,"featured_media":0,"parent":0,"menu_order":0,"comment_status":"closed","ping_status":"closed","template":"","meta":{"content-type":"","footnotes":""},"class_list":["post-11235","page","type-page","status-publish","hentry"],"_links":{"self":[{"href":"https:\/\/www.tfe.agency\/de\/wp-json\/wp\/v2\/pages\/11235","targetHints":{"allow":["GET"]}}],"collection":[{"href":"https:\/\/www.tfe.agency\/de\/wp-json\/wp\/v2\/pages"}],"about":[{"href":"https:\/\/www.tfe.agency\/de\/wp-json\/wp\/v2\/types\/page"}],"author":[{"embeddable":true,"href":"https:\/\/www.tfe.agency\/de\/wp-json\/wp\/v2\/users\/3"}],"replies":[{"embeddable":true,"href":"https:\/\/www.tfe.agency\/de\/wp-json\/wp\/v2\/comments?post=11235"}],"version-history":[{"count":7,"href":"https:\/\/www.tfe.agency\/de\/wp-json\/wp\/v2\/pages\/11235\/revisions"}],"predecessor-version":[{"id":11242,"href":"https:\/\/www.tfe.agency\/de\/wp-json\/wp\/v2\/pages\/11235\/revisions\/11242"}],"wp:attachment":[{"href":"https:\/\/www.tfe.agency\/de\/wp-json\/wp\/v2\/media?parent=11235"}],"curies":[{"name":"wp","href":"https:\/\/api.w.org\/{rel}","templated":true}]}}