{"id":11225,"date":"2022-06-16T09:57:05","date_gmt":"2022-06-16T09:57:05","guid":{"rendered":"https:\/\/www.tfe.agency\/?page_id=11225"},"modified":"2022-08-18T12:53:08","modified_gmt":"2022-08-18T12:53:08","slug":"bob-boekema","status":"publish","type":"page","link":"https:\/\/www.tfe.agency\/de\/bob-boekema\/","title":{"rendered":"Bob Boekema"},"content":{"rendered":"<div data-elementor-type=\"wp-page\" data-elementor-id=\"11225\" class=\"elementor elementor-11225\" data-elementor-post-type=\"page\">\n\t\t\t\t\t\t<section class=\"elementor-section elementor-top-section elementor-element elementor-element-f1a2607 elementor-reverse-mobile elementor-section-boxed elementor-section-height-default elementor-section-height-default\" data-id=\"f1a2607\" data-element_type=\"section\" data-e-type=\"section\">\n\t\t\t\t\t\t<div class=\"elementor-container elementor-column-gap-default\">\n\t\t\t\t\t<div class=\"lqd-css-sticky-column elementor-column elementor-col-50 elementor-top-column elementor-element elementor-element-3df3344\" style=\"--lqd-sticky-offset:0px\" data-id=\"3df3344\" data-element_type=\"column\" data-e-type=\"column\">\n\t\t\t<div class=\"elementor-widget-wrap elementor-element-populated\">\n\t\t\t\t\t\t<section class=\"lqd-css-sticky elementor-section elementor-inner-section elementor-element elementor-element-629cf38 elementor-section-boxed elementor-section-height-default elementor-section-height-default\" style=\"top: auto; top: 0px;\" data-id=\"629cf38\" data-element_type=\"section\" data-e-type=\"section\">\n\t\t\t\t\t\t<div class=\"elementor-container elementor-column-gap-default\">\n\t\t\t\t\t<div class=\"elementor-column elementor-col-100 elementor-inner-column elementor-element elementor-element-77329f73\" data-id=\"77329f73\" data-element_type=\"column\" data-e-type=\"column\" data-settings=\"{&quot;background_background&quot;:&quot;classic&quot;}\">\n\t\t\t<div class=\"elementor-widget-wrap elementor-element-populated\">\n\t\t\t\t\t\t<div class=\"elementor-element elementor-element-4b37285f elementor-widget elementor-widget-ld_fancy_image\" data-id=\"4b37285f\" data-element_type=\"widget\" data-e-type=\"widget\" data-widget_type=\"ld_fancy_image.default\">\n\t\t\t\t<div class=\"elementor-widget-container\">\n\t\t\t\t\t\n\t\t<div class=\"lqd-imggrp-single d-block pos-rel\">\n\t\t\t<div class=\"lqd-imggrp-img-container d-inline-flex pos-rel align-items-center justify-content-center\">\n\t\t\t\t\t\t\t\t<figure class=\"w-100 pos-rel\">\n\t\t\t\t\t<img fetchpriority=\"high\" decoding=\"async\" width=\"1096\" height=\"1152\" src=\"https:\/\/www.tfe.agency\/wp-content\/uploads\/2021\/03\/WMC-Bob.jpg\" class=\"attachment-full size-full wp-image-6150\" alt=\"\" srcset=\"https:\/\/www.tfe.agency\/wp-content\/uploads\/2021\/03\/WMC-Bob.jpg 1096w, https:\/\/www.tfe.agency\/wp-content\/uploads\/2021\/03\/WMC-Bob-285x300.jpg 285w, https:\/\/www.tfe.agency\/wp-content\/uploads\/2021\/03\/WMC-Bob-974x1024.jpg 974w, https:\/\/www.tfe.agency\/wp-content\/uploads\/2021\/03\/WMC-Bob-768x807.jpg 768w\" sizes=\"(max-width: 1096px) 100vw, 1096px\" itemprop=\"image\" \/>\t\t\t\t\t\t\t\t\t\t\t\t\t\t\t\t\t\t\t\t\t\t\t\t\t\t\t\t\t<\/figure>\n\t\t\t<\/div>\n\t\t<\/div>\n\n\t\t\t\t\t<\/div>\n\t\t\t\t<\/div>\n\t\t\t\t<div class=\"elementor-element elementor-element-6c8b50b6 elementor-widget elementor-widget-hub_fancy_heading\" data-id=\"6c8b50b6\" data-element_type=\"widget\" data-e-type=\"widget\" data-widget_type=\"hub_fancy_heading.default\">\n\t\t\t\t<div class=\"elementor-widget-container\">\n\t\t\t\t\t\n\t\t<div id=\"ld-fancy-heading-69e24ba7194f1\" class=\"ld-fancy-heading pos-rel\">\n\t\t\t<h3 class=\"ld-fh-element d-inline-block pos-rel  elementor-heading-title lqd-highlight-classic lqd-highlight-grow-left h3\"  > <br>Informationen \u00fcber Bob<\/h3>\t\t<\/div>\n\n\t\t\t\t\t\t<\/div>\n\t\t\t\t<\/div>\n\t\t\t\t<div class=\"elementor-element elementor-element-ee1cd61 elementor-widget elementor-widget-text-editor\" data-id=\"ee1cd61\" data-element_type=\"widget\" data-e-type=\"widget\" data-widget_type=\"text-editor.default\">\n\t\t\t\t\t\t\t\t\t<p>- Bob@tfe.agency<br \/>- +31 6 26 53 85 28<br \/>&#8211; <a href=\"https:\/\/www.linkedin.com\/in\/bobboekema\/\" target=\"_blank\" rel=\"noopener\">Auf LinkedIn verbinden<\/a><\/p>\t\t\t\t\t\t\t\t<\/div>\n\t\t\t\t\t<\/div>\n\t\t<\/div>\n\t\t\t\t\t<\/div>\n\t\t<\/section>\n\t\t\t\t\t<\/div>\n\t\t<\/div>\n\t\t\t\t<div class=\"elementor-column elementor-col-50 elementor-top-column elementor-element elementor-element-2c6cf431\" data-id=\"2c6cf431\" data-element_type=\"column\" data-e-type=\"column\">\n\t\t\t<div class=\"elementor-widget-wrap elementor-element-populated\">\n\t\t\t\t\t\t<div class=\"elementor-element elementor-element-62ec3dba elementor-widget elementor-widget-hub_fancy_heading\" data-id=\"62ec3dba\" data-element_type=\"widget\" data-e-type=\"widget\" data-widget_type=\"hub_fancy_heading.default\">\n\t\t\t\t<div class=\"elementor-widget-container\">\n\t\t\t\t\t\n\t\t<div id=\"ld-fancy-heading-69e24ba71daae\" class=\"ld-fancy-heading pos-rel\">\n\t\t\t<h3 class=\"ld-fh-element d-inline-block pos-rel  elementor-heading-title lqd-highlight-classic lqd-highlight-grow-left h3\"  > Bob Boekema<\/h3>\t\t<\/div>\n\n\t\t\t\t\t\t<\/div>\n\t\t\t\t<\/div>\n\t\t\t\t<div class=\"elementor-element elementor-element-209ffafa elementor-widget elementor-widget-hub_fancy_heading\" data-id=\"209ffafa\" data-element_type=\"widget\" data-e-type=\"widget\" data-widget_type=\"hub_fancy_heading.default\">\n\t\t\t\t<div class=\"elementor-widget-container\">\n\t\t\t\t\t\n\t\t<div id=\"ld-fancy-heading-69e24ba71e921\" class=\"ld-fancy-heading pos-rel\">\n\t\t\t<p class=\"ld-fh-element d-inline-block pos-rel  lqd-highlight-classic lqd-highlight-grow-left p\"  > <strong> Rolle und Fachwissen: <\/strong>\n <br>\nKommerzieller &amp; General Manager Manager <br>M.B.A Marketing &amp; Logistik <br>Kompetenz in Marktplatz-Strategie  <br> <br>\n\n<strong> \u00dcber <\/strong>\n<br>Bob hat den Grundstein seiner Karriere bei Lyreco gelegt, wo er als langj\u00e4hrige F\u00fchrungskraft in 6 verschiedenen (internationalen) Positionen t\u00e4tig war. Er begann als Vertriebsmitarbeiter, verbrachte die meisten Jahre im Einkauf und Marketing und war schlie\u00dflich Global Innovation Director. Sein Wunsch, Unternehmer zu werden, f\u00fchrte ihn dazu, Gesch\u00e4ftsf\u00fchrer und Miteigent\u00fcmer eines IT-Unternehmens zu werden, das sich auf den Vertrieb von Produktdaten und Verkaufsl\u00f6sungen konzentrierte. Derzeit ist er Gesch\u00e4ftsf\u00fchrer von TFE und verantwortlich f\u00fcr das allgemeine Management und die kommerziellen Prozesse.<\/p>\t\t<\/div>\n\n\t\t\t\t\t\t<\/div>\n\t\t\t\t<\/div>\n\t\t\t\t<div class=\"elementor-element elementor-element-4f3c9e2f elementor-widget elementor-widget-hub_fancy_heading\" data-id=\"4f3c9e2f\" data-element_type=\"widget\" data-e-type=\"widget\" data-widget_type=\"hub_fancy_heading.default\">\n\t\t\t\t<div class=\"elementor-widget-container\">\n\t\t\t\t\t\n\t\t<div id=\"ld-fancy-heading-69e24ba71f825\" class=\"ld-fancy-heading pos-rel\">\n\t\t\t\t\t<\/div>\n\n\t\t\t\t\t\t<\/div>\n\t\t\t\t<\/div>\n\t\t\t\t\t<\/div>\n\t\t<\/div>\n\t\t\t\t\t<\/div>\n\t\t<\/section>\n\t\t\t\t<\/div>","protected":false},"excerpt":{"rendered":"<p>Information about Bob &#8211; Bob@tfe.agency &#8211; +31 6 26 53 85 28\u202c &#8211; Connect on LinkedIn Bob Boekema Role and expertise: Commercial &amp; General Manager Manager M.B.A Marketing &amp; Logistic Expertise at Marketplaces strategie About Bob has created the base of his career with Lyreco where he was a long-term executive with 6 different (international) [&hellip;]<\/p>\n","protected":false},"author":3,"featured_media":0,"parent":0,"menu_order":0,"comment_status":"closed","ping_status":"closed","template":"","meta":{"content-type":"","footnotes":""},"class_list":["post-11225","page","type-page","status-publish","hentry"],"_links":{"self":[{"href":"https:\/\/www.tfe.agency\/de\/wp-json\/wp\/v2\/pages\/11225","targetHints":{"allow":["GET"]}}],"collection":[{"href":"https:\/\/www.tfe.agency\/de\/wp-json\/wp\/v2\/pages"}],"about":[{"href":"https:\/\/www.tfe.agency\/de\/wp-json\/wp\/v2\/types\/page"}],"author":[{"embeddable":true,"href":"https:\/\/www.tfe.agency\/de\/wp-json\/wp\/v2\/users\/3"}],"replies":[{"embeddable":true,"href":"https:\/\/www.tfe.agency\/de\/wp-json\/wp\/v2\/comments?post=11225"}],"version-history":[{"count":6,"href":"https:\/\/www.tfe.agency\/de\/wp-json\/wp\/v2\/pages\/11225\/revisions"}],"predecessor-version":[{"id":11231,"href":"https:\/\/www.tfe.agency\/de\/wp-json\/wp\/v2\/pages\/11225\/revisions\/11231"}],"wp:attachment":[{"href":"https:\/\/www.tfe.agency\/de\/wp-json\/wp\/v2\/media?parent=11225"}],"curies":[{"name":"wp","href":"https:\/\/api.w.org\/{rel}","templated":true}]}}